{"id":1339,"date":"2020-03-21T14:07:26","date_gmt":"2020-03-21T13:07:26","guid":{"rendered":"https:\/\/www.paroissesaintlaumer.com\/?page_id=1339"},"modified":"2023-02-23T20:38:23","modified_gmt":"2023-02-23T19:38:23","slug":"communiquer-sur-paroissesaintlaumer-com","status":"publish","type":"page","link":"https:\/\/paroissesaintlaumer.com\/index.php\/communiquer-sur-paroissesaintlaumer-com\/","title":{"rendered":"Communiquer sur paroissesaintlaumer.com"},"content":{"rendered":"\n<p class=\"has-background\" style=\"background-color:#ffe9ae\">Vous souhaitez communiquer et partager une information ou une annonce avec toute la paroisse ?<\/p>\n\n\n\n<p class=\"has-very-dark-gray-color has-text-color has-background\" style=\"background-color:#cef0e3\">Envoyez toutes les informations et images n\u00e9cessaires dans un courriel adress\u00e9 \u00e0 Pierre-Andr\u00e9 (<a rel=\"noreferrer noopener\" aria-label=\"pierreandreline@gmail.com (opens in a new tab)\" href=\"mailto:pierreandreline@gmail.com\" target=\"_blank\">pierreandreline@gmail.com<\/a>) qui se chargera, sous l&#8217;autorit\u00e9 du P\u00e8re Vincent SODIO, de les publier rapidement sur le site de la paroisse.<\/p>\n\n\n\n<p><\/p>\n","protected":false},"excerpt":{"rendered":"<p>Vous souhaitez communiquer et partager une information ou une annonce avec toute la paroisse ? Envoyez toutes les informations et images n\u00e9cessaires dans un courriel adress\u00e9 \u00e0 Pierre-Andr\u00e9 (pierreandreline@gmail.com) qui&hellip; <\/p>\n","protected":false},"author":1,"featured_media":1340,"parent":0,"menu_order":0,"comment_status":"closed","ping_status":"closed","template":"","meta":{"ngg_post_thumbnail":0},"_links":{"self":[{"href":"https:\/\/paroissesaintlaumer.com\/index.php\/wp-json\/wp\/v2\/pages\/1339"}],"collection":[{"href":"https:\/\/paroissesaintlaumer.com\/index.php\/wp-json\/wp\/v2\/pages"}],"about":[{"href":"https:\/\/paroissesaintlaumer.com\/index.php\/wp-json\/wp\/v2\/types\/page"}],"author":[{"embeddable":true,"href":"https:\/\/paroissesaintlaumer.com\/index.php\/wp-json\/wp\/v2\/users\/1"}],"replies":[{"embeddable":true,"href":"https:\/\/paroissesaintlaumer.com\/index.php\/wp-json\/wp\/v2\/comments?post=1339"}],"version-history":[{"count":2,"href":"https:\/\/paroissesaintlaumer.com\/index.php\/wp-json\/wp\/v2\/pages\/1339\/revisions"}],"predecessor-version":[{"id":3814,"href":"https:\/\/paroissesaintlaumer.com\/index.php\/wp-json\/wp\/v2\/pages\/1339\/revisions\/3814"}],"wp:featuredmedia":[{"embeddable":true,"href":"https:\/\/paroissesaintlaumer.com\/index.php\/wp-json\/wp\/v2\/media\/1340"}],"wp:attachment":[{"href":"https:\/\/paroissesaintlaumer.com\/index.php\/wp-json\/wp\/v2\/media?parent=1339"}],"curies":[{"name":"wp","href":"https:\/\/api.w.org\/{rel}","templated":true}]}}