{"id":171,"date":"2017-11-11T08:01:27","date_gmt":"2017-11-11T07:01:27","guid":{"rendered":"http:\/\/www.paroissesaintlaumer.com\/?page_id=171"},"modified":"2023-10-14T08:26:55","modified_gmt":"2023-10-14T06:26:55","slug":"equipe-paroissiale-pastorale","status":"publish","type":"page","link":"https:\/\/paroissesaintlaumer.com\/index.php\/equipe-paroissiale-pastorale\/","title":{"rendered":"Equipe d&#8217;Animation Missionnaire"},"content":{"rendered":"<h2 class=\"tablepress-table-name tablepress-table-name-id-4\">L\u2019Equipe d\u2019Animation Missionnaire<\/h2>\n\n<table id=\"tablepress-4\" class=\"tablepress tablepress-id-4\">\n<tbody class=\"row-hover\">\n<tr class=\"row-1 odd\">\n\t<td class=\"column-1\">Alain<\/td><td class=\"column-2\">BRIERE<\/td>\n<\/tr>\n<tr class=\"row-2 even\">\n\t<td class=\"column-1\">Jean-Baptiste<\/td><td class=\"column-2\">FAUGERAS<\/td>\n<\/tr>\n<tr class=\"row-3 odd\">\n\t<td class=\"column-1\">Virginie<\/td><td class=\"column-2\">FOLLEAU<\/td>\n<\/tr>\n<tr class=\"row-4 even\">\n\t<td class=\"column-1\">Anne - Marie<\/td><td class=\"column-2\">HARDY<\/td>\n<\/tr>\n<tr class=\"row-5 odd\">\n\t<td class=\"column-1\">Maurice<\/td><td class=\"column-2\">HEURTEBISE<\/td>\n<\/tr>\n<tr class=\"row-6 even\">\n\t<td class=\"column-1\">Luc<\/td><td class=\"column-2\">JOUANNIN<\/td>\n<\/tr>\n<tr class=\"row-7 odd\">\n\t<td class=\"column-1\">Claire<\/td><td class=\"column-2\">RUOLS<\/td>\n<\/tr>\n<tr class=\"row-8 even\">\n\t<td class=\"column-1\">Marie<\/td><td class=\"column-2\">VANDENBRUWAENE<\/td>\n<\/tr>\n<\/tbody>\n<\/table>\n<!-- #tablepress-4 from cache -->\n\n\n<p class=\"has-text-align-justify\">Nous venons au cours de cette nouvelle ann\u00e9e pastorale, de mettre en place une <strong>\u00e9quipe d\u2019animation missionnaire<\/strong>, qui a pour mission de collaborer et d\u2019accompagner le cur\u00e9 dans les trois grandes missions qui caract\u00e9risent la vie de l&#8217;Eglise :<\/p>\n\n\n\n<ul><li>La mission d\u2019\u00e9vang\u00e9lisation, du t\u00e9moignage, de l\u2019annonce et de l&#8217;invitation \u00e0 \u00e9couter et \u00e0 rencontrer Celui qui nous fait vivre.<\/li><li>La mission de la liturgie par le service de la gr\u00e2ce de Dieu, par l&#8217;\u00e9coute de sa Parole, la pri\u00e8re, la c\u00e9l\u00e9bration et la vie des sacrements de la foi.<\/li><li>La mission du service et de la solidarit\u00e9 par l\u2019attention \u00e0 l\u2019autre, en particulier, des plus pauvres et de ceux qui sont aux p\u00e9riph\u00e9ries de nos communaut\u00e9s.<\/li><\/ul>\n\n\n\n<p class=\"has-text-align-justify\">Les personnes appel\u00e9es veilleront \u00e0 l&#8217;information et aux coordinations n\u00e9cessaires entre les diff\u00e9rents secteurs, les mouvements et services de la paroisse, \u00e0 la communion et aux synergies n\u00e9cessaires avec le doyenn\u00e9 et l&#8217;Eglise dioc\u00e9saine ainsi qu&#8217;\u00e0 la bonne gestion des biens et des personnes.<\/p>\n\n\n\n<p class=\"has-text-align-justify\">Ils peuvent \u00eatre des relais et des facilitateurs dans le dialogue et l\u2019\u00e9change avec la communaut\u00e9 chr\u00e9tienne sur les diff\u00e9rents sujets qui concernent la bonne marche de la vie paroissiale.<\/p>\n","protected":false},"excerpt":{"rendered":"<p>Nous venons au cours de cette nouvelle ann\u00e9e pastorale, de mettre en place une \u00e9quipe d\u2019animation missionnaire, qui a pour mission de collaborer et d\u2019accompagner le cur\u00e9 dans les trois&hellip; <\/p>\n","protected":false},"author":1,"featured_media":0,"parent":0,"menu_order":0,"comment_status":"closed","ping_status":"closed","template":"","meta":{"ngg_post_thumbnail":0},"_links":{"self":[{"href":"https:\/\/paroissesaintlaumer.com\/index.php\/wp-json\/wp\/v2\/pages\/171"}],"collection":[{"href":"https:\/\/paroissesaintlaumer.com\/index.php\/wp-json\/wp\/v2\/pages"}],"about":[{"href":"https:\/\/paroissesaintlaumer.com\/index.php\/wp-json\/wp\/v2\/types\/page"}],"author":[{"embeddable":true,"href":"https:\/\/paroissesaintlaumer.com\/index.php\/wp-json\/wp\/v2\/users\/1"}],"replies":[{"embeddable":true,"href":"https:\/\/paroissesaintlaumer.com\/index.php\/wp-json\/wp\/v2\/comments?post=171"}],"version-history":[{"count":6,"href":"https:\/\/paroissesaintlaumer.com\/index.php\/wp-json\/wp\/v2\/pages\/171\/revisions"}],"predecessor-version":[{"id":4198,"href":"https:\/\/paroissesaintlaumer.com\/index.php\/wp-json\/wp\/v2\/pages\/171\/revisions\/4198"}],"wp:attachment":[{"href":"https:\/\/paroissesaintlaumer.com\/index.php\/wp-json\/wp\/v2\/media?parent=171"}],"curies":[{"name":"wp","href":"https:\/\/api.w.org\/{rel}","templated":true}]}}