{"id":176,"date":"2017-11-11T08:10:23","date_gmt":"2017-11-11T07:10:23","guid":{"rendered":"http:\/\/www.paroissesaintlaumer.com\/?page_id=176"},"modified":"2017-11-11T08:10:23","modified_gmt":"2017-11-11T07:10:23","slug":"mouvements-et-services","status":"publish","type":"page","link":"https:\/\/paroissesaintlaumer.com\/index.php\/mouvements-et-services\/","title":{"rendered":"Mouvements et services"},"content":{"rendered":"<table>\n<tr>\n<td style=\"text-align: center;\"><strong>Pastorale Jeunes<\/strong><br \/>P\u00e8re Omva Edou <br \/>La Loupe <br \/>07 62 18 87 17<\/td>\n<td style=\"text-align: center;\"><strong>Servants d&#8217;autel<\/strong><br \/>P\u00e8re Omva Edou<br \/>La Loupe<br \/>07 62 18 87 17<\/td>\n<td style=\"text-align: center;\"><strong>Cat\u00e9chum\u00e9nat<\/strong><br \/>P\u00e8re Omva Edou<br \/>La Loupe<br \/>07 62 18 87 17<\/td>\n<\/tr>\n<tr>\n<td style=\"text-align: center;\"><strong>La pri\u00e8re des m\u00e8res<\/strong><br \/>Isaure lef\u00e9bure<br \/>Boissy les perche <br \/>06 30 27 47 78<\/td>\n<td style=\"text-align: center;\"><strong>Visites Malades<\/strong><br \/>S\u0153urs <br \/>Ch\u00e2teau des Vaux<br \/>06 05 72 19 90<\/td>\n<td style=\"text-align: center;\"><strong>Groupe Biblique<\/strong><br \/>P\u00e8re Omva Edou <br \/>La Loupe <br \/>07 62 18 87 17                                                            <\/td>\n<\/tr>\n<tr>\n<td style=\"text-align: center;\"><strong>Groupe  Rosaire<\/strong><br \/>Marie  Madeleine   Lorin <br \/>Digny<br \/>02 37 29 00 12<\/td>\n<\/tr>\n<\/table>\n","protected":false},"excerpt":{"rendered":"<p>Pastorale JeunesP\u00e8re Omva Edou La Loupe 07 62 18 87 17 Servants d&#8217;autelP\u00e8re Omva EdouLa Loupe07 62 18 87 17 Cat\u00e9chum\u00e9natP\u00e8re Omva EdouLa Loupe07 62 18 87 17 La pri\u00e8re&hellip; <\/p>\n","protected":false},"author":1,"featured_media":0,"parent":0,"menu_order":0,"comment_status":"closed","ping_status":"closed","template":"","meta":{"ngg_post_thumbnail":0},"_links":{"self":[{"href":"https:\/\/paroissesaintlaumer.com\/index.php\/wp-json\/wp\/v2\/pages\/176"}],"collection":[{"href":"https:\/\/paroissesaintlaumer.com\/index.php\/wp-json\/wp\/v2\/pages"}],"about":[{"href":"https:\/\/paroissesaintlaumer.com\/index.php\/wp-json\/wp\/v2\/types\/page"}],"author":[{"embeddable":true,"href":"https:\/\/paroissesaintlaumer.com\/index.php\/wp-json\/wp\/v2\/users\/1"}],"replies":[{"embeddable":true,"href":"https:\/\/paroissesaintlaumer.com\/index.php\/wp-json\/wp\/v2\/comments?post=176"}],"version-history":[{"count":1,"href":"https:\/\/paroissesaintlaumer.com\/index.php\/wp-json\/wp\/v2\/pages\/176\/revisions"}],"predecessor-version":[{"id":177,"href":"https:\/\/paroissesaintlaumer.com\/index.php\/wp-json\/wp\/v2\/pages\/176\/revisions\/177"}],"wp:attachment":[{"href":"https:\/\/paroissesaintlaumer.com\/index.php\/wp-json\/wp\/v2\/media?parent=176"}],"curies":[{"name":"wp","href":"https:\/\/api.w.org\/{rel}","templated":true}]}}