{"id":1908,"date":"2020-05-28T08:38:29","date_gmt":"2020-05-28T06:38:29","guid":{"rendered":"https:\/\/paroissesaintlaumer.com\/?page_id=1908"},"modified":"2020-05-28T08:41:28","modified_gmt":"2020-05-28T06:41:28","slug":"parcours-desperance","status":"publish","type":"page","link":"https:\/\/paroissesaintlaumer.com\/index.php\/parcours-desperance\/","title":{"rendered":"Parcours d&#8217;esp\u00e9rance"},"content":{"rendered":"\n<p class=\"has-text-color has-background has-very-dark-gray-color has-very-light-gray-background-color\"><em>Nous relayons chaque jour une \u00e9tape du parcours d\u2019esp\u00e9rance&nbsp;<em>initialement pr\u00e9vu du 1er au 10 mai<\/em>. Sur recommandation du&nbsp;<a rel=\"noreferrer noopener\" href=\"https:\/\/www.diocese-chartres.com\/parcours-desperance\/\" target=\"_blank\">dioc\u00e8se<\/a>.<\/em>&nbsp;<em>En cliquant sur la cat\u00e9gorie&nbsp;<\/em><a href=\"https:\/\/paroissesaintlaumer.com\/index.php\/category\/diocese\/parcours-desperance\/\">\u2018PARCOURS D\u2019ESP\u00c9RANCE\u2019<\/a><em>, l\u2019on acc\u00e8de \u00e0 toutes les \u00e9tapes du parcours.<\/em><\/p>\n\n\n\n<h2 class=\"has-vivid-cyan-blue-color has-text-color\">Vivez un parcours d\u2019Esp\u00e9rance<\/h2>\n\n\n\n<p>Acc\u00e9dez au parcours Chemins d\u2019esp\u00e9rance, propos\u00e9 par 7 \u00e9v\u00eaques dont Mgr Christory.&nbsp;&nbsp;Profitez de l\u2019enseignement d\u2019un \u00e9v\u00eaque sur le th\u00e8me de l\u2019Esp\u00e9rance, un t\u00e9moignage et un temps d\u2019adoration.<\/p>\n\n\n\n<!--more-->\n\n\n\n<p>Pri\u00e8re de la Retraite :&nbsp;\u201cQue rien ne te trouble (sainte Th\u00e9r\u00e8se d\u2019Avila) Que rien ne te trouble, que rien ne t\u2019effraie. Tout passe, Dieu ne change pas. La patience obtient tout. A qui poss\u00e8de Dieu, rien ne manque. Dieu seul suffit.\u201d<\/p>\n\n\n\n<p>A l\u2019initiative de Monseigneur Rey, ce parcours d\u2019esp\u00e9rance associe 7 \u00e9v\u00eaques,&nbsp;il vous propose de red\u00e9couvrir et r\u00e9-assumer cette vertu d\u2019esp\u00e9rance, qui nous donne l\u2019assurance que Dieu ne nous abandonnera jamais.<\/p>\n\n\n\n<p>Le Christ nous pr\u00e9c\u00e8de et nous accompagne !<\/p>\n\n\n\n<div class=\"wp-block-buttons aligncenter\">\n<div class=\"wp-block-button\"><a class=\"wp-block-button__link has-background has-vivid-cyan-blue-background-color\" href=\"https:\/\/paroissesaintlaumer.com\/index.php\/category\/diocese\/parcours-desperance\/\" style=\"border-radius:6px\" target=\"_blank\" rel=\"noreferrer noopener\">ACC\u00c9DER AU PARCOURS D\u2019ESP\u00c9RANCE<\/a><\/div>\n<\/div>\n","protected":false},"excerpt":{"rendered":"<p>Nous relayons chaque jour une \u00e9tape du parcours d\u2019esp\u00e9rance&nbsp;initialement pr\u00e9vu du 1er au 10 mai. Sur recommandation du&nbsp;dioc\u00e8se.&nbsp;En cliquant sur la cat\u00e9gorie&nbsp;\u2018PARCOURS D\u2019ESP\u00c9RANCE\u2019, l\u2019on acc\u00e8de \u00e0 toutes les \u00e9tapes du&hellip; <\/p>\n","protected":false},"author":1,"featured_media":1879,"parent":0,"menu_order":0,"comment_status":"closed","ping_status":"closed","template":"","meta":{"ngg_post_thumbnail":0},"_links":{"self":[{"href":"https:\/\/paroissesaintlaumer.com\/index.php\/wp-json\/wp\/v2\/pages\/1908"}],"collection":[{"href":"https:\/\/paroissesaintlaumer.com\/index.php\/wp-json\/wp\/v2\/pages"}],"about":[{"href":"https:\/\/paroissesaintlaumer.com\/index.php\/wp-json\/wp\/v2\/types\/page"}],"author":[{"embeddable":true,"href":"https:\/\/paroissesaintlaumer.com\/index.php\/wp-json\/wp\/v2\/users\/1"}],"replies":[{"embeddable":true,"href":"https:\/\/paroissesaintlaumer.com\/index.php\/wp-json\/wp\/v2\/comments?post=1908"}],"version-history":[{"count":3,"href":"https:\/\/paroissesaintlaumer.com\/index.php\/wp-json\/wp\/v2\/pages\/1908\/revisions"}],"predecessor-version":[{"id":1912,"href":"https:\/\/paroissesaintlaumer.com\/index.php\/wp-json\/wp\/v2\/pages\/1908\/revisions\/1912"}],"wp:featuredmedia":[{"embeddable":true,"href":"https:\/\/paroissesaintlaumer.com\/index.php\/wp-json\/wp\/v2\/media\/1879"}],"wp:attachment":[{"href":"https:\/\/paroissesaintlaumer.com\/index.php\/wp-json\/wp\/v2\/media?parent=1908"}],"curies":[{"name":"wp","href":"https:\/\/api.w.org\/{rel}","templated":true}]}}