{"id":2,"date":"2017-05-07T09:11:24","date_gmt":"2017-05-07T07:11:24","guid":{"rendered":"http:\/\/paroissesaintlaumer.com\/?page_id=2"},"modified":"2023-09-08T16:18:53","modified_gmt":"2023-09-08T14:18:53","slug":"page-d-exemple","status":"publish","type":"page","link":"https:\/\/paroissesaintlaumer.com\/index.php\/page-d-exemple\/","title":{"rendered":"Accueil et permanences"},"content":{"rendered":"\n<p>La paroisse vous accueille ou r\u00e9pond \u00e0 vos appels les jours de permanence dans chaque secteur.<\/p>\n\n\n\n<div class=\"wp-block-columns\">\n<div class=\"wp-block-column\">\n<figure class=\"wp-block-image is-style-default\"><img src=\"https:\/\/img.geocaching.com\/cache\/large\/7dcf23a8-a781-4865-b0f5-e376d8af8b5f.jpg\" alt=\"GC6YZPB [#203 CEL] La Loupe (Traditional Cache) in Centre-Val-de-Loire ...\"\/><\/figure>\n<\/div>\n\n\n\n<div class=\"wp-block-column\">\n<h3>La Loupe :<\/h3>\n\n\n\n<p>18, rue de l\u2019\u00e9glise<br>28240 La Loupe<br>Tel : 02 37 81 10 11<\/p>\n\n\n\n<p><strong>courriel: <\/strong>stlaumer@diocesechartres.fr<\/p>\n\n\n\n<p>Mardi : 10h \u2013 12 h<br>Samedi : 10 h \u2013 12 h<\/p>\n<\/div>\n<\/div>\n\n\n\n<div class=\"wp-block-columns\">\n<div class=\"wp-block-column\">\n<figure class=\"wp-block-image is-style-default\"><img src=\"https:\/\/media.geolcdn.com\/t\/2048\/auto\/ext.jpg?&amp;url=https:%2F%2Fservices.sitytrail.com%2FGeolivesWS%2FDownloadMedia.ashx%3FTrailID%3D172713%26Media%3D14101_4.jpg&amp;radius=0&amp;sigma=0&amp;\" alt=\"Randonn\u00e9e Marche \u00e0 LA FERTE-VIDAME: Autour de la for\u00eat (Etape 1) - La ...\"\/><\/figure>\n<\/div>\n\n\n\n<div class=\"wp-block-column\">\n<h3>Senonches :<\/h3>\n\n\n\n<p>2 rue Perier<br>28250 Senonches<br>Tel: 02 37 37 76 45<\/p>\n\n\n\n<p>Vendredi: 10h-12h.<\/p>\n\n\n\n<p>samedi : 10h\u2011 12 h.<\/p>\n<\/div>\n<\/div>\n\n\n\n<div class=\"wp-block-columns\">\n<div class=\"wp-block-column\">\n<figure class=\"wp-block-image is-style-default\"><img src=\"https:\/\/live.staticflickr.com\/4844\/33137762668_9f65e296f3_b.jpg\" alt=\"\u00c9glise (1659) Saint-Nicolas de La Fert\u00e9-Vidame (Eure-et-Lo\u2026 | Flickr\"\/><\/figure>\n<\/div>\n\n\n\n<div class=\"wp-block-column\">\n<h3><strong>La Fert\u00e9-Vidame<\/strong>&nbsp;:<\/h3>\n\n\n\n<p>3 place Saint Simon<br>28340 La Fert\u00e9 Vidame<br>Tel : 02 37 37 63 12<\/p>\n\n\n\n<p>Jeudi: 10h-12h.<\/p>\n\n\n\n<p>Samedi 10 h \u201312 h.<\/p>\n<\/div>\n<\/div>\n","protected":false},"excerpt":{"rendered":"<p>La paroisse vous accueille ou r\u00e9pond \u00e0 vos appels les jours de permanence dans chaque secteur. La Loupe : 18, rue de l\u2019\u00e9glise28240 La LoupeTel : 02 37 81 10&hellip; <\/p>\n","protected":false},"author":1,"featured_media":0,"parent":0,"menu_order":0,"comment_status":"closed","ping_status":"open","template":"","meta":{"ngg_post_thumbnail":0},"_links":{"self":[{"href":"https:\/\/paroissesaintlaumer.com\/index.php\/wp-json\/wp\/v2\/pages\/2"}],"collection":[{"href":"https:\/\/paroissesaintlaumer.com\/index.php\/wp-json\/wp\/v2\/pages"}],"about":[{"href":"https:\/\/paroissesaintlaumer.com\/index.php\/wp-json\/wp\/v2\/types\/page"}],"author":[{"embeddable":true,"href":"https:\/\/paroissesaintlaumer.com\/index.php\/wp-json\/wp\/v2\/users\/1"}],"replies":[{"embeddable":true,"href":"https:\/\/paroissesaintlaumer.com\/index.php\/wp-json\/wp\/v2\/comments?post=2"}],"version-history":[{"count":9,"href":"https:\/\/paroissesaintlaumer.com\/index.php\/wp-json\/wp\/v2\/pages\/2\/revisions"}],"predecessor-version":[{"id":4136,"href":"https:\/\/paroissesaintlaumer.com\/index.php\/wp-json\/wp\/v2\/pages\/2\/revisions\/4136"}],"wp:attachment":[{"href":"https:\/\/paroissesaintlaumer.com\/index.php\/wp-json\/wp\/v2\/media?parent=2"}],"curies":[{"name":"wp","href":"https:\/\/api.w.org\/{rel}","templated":true}]}}