{"id":2908,"date":"2021-08-02T19:03:40","date_gmt":"2021-08-02T17:03:40","guid":{"rendered":"https:\/\/paroissesaintlaumer.com\/?page_id=2908"},"modified":"2021-08-02T19:03:40","modified_gmt":"2021-08-02T17:03:40","slug":"neuvaine-a-notre-dame-de-lassomption-du-7-au-15-aout-2021","status":"publish","type":"page","link":"https:\/\/paroissesaintlaumer.com\/index.php\/neuvaine-a-notre-dame-de-lassomption-du-7-au-15-aout-2021\/","title":{"rendered":"Neuvaine \u00e0 Notre Dame de l&#8217;Assomption du 7 au 15 ao\u00fbt 2021"},"content":{"rendered":"\n<blockquote class=\"wp-block-quote\"><p>L&#8217;Assomption de Marie fut d\u00e9cr\u00e9t\u00e9e F\u00eate Patronale par Louis XIII en vertu de son v\u0153u, en 1638, de consacrer le royaume de France \u00e0 la Vierge Marie. Ce v\u0153u fit suite \u00e0 la conception (miraculeuse ?) d&#8217;un enfant qui allait devenir le futur Louis XIV. Le 1er novembre 1950, le pape Pie XII proclama solennellement le dogme de l\u2019Assomption, participation singuli\u00e8re \u00e0 la R\u00e9surrection du Christ et anticipation de notre propre r\u00e9surrection.<br><\/p><\/blockquote>\n\n\n\n<blockquote class=\"wp-block-quote\"><p>Avec Marie, prions pour obtenir l&#8217;une des plus belles promesses de Dieu : la Gr\u00e2ce d&#8217;une bonne mort, dans la Foi et l&#8217;Esp\u00e9rance, dans la Fid\u00e9lit\u00e9 \u00e0 J\u00e9sus.<\/p><cite>propos\u00e9e par Jean-Baptiste<\/cite><\/blockquote>\n\n\n\n<div class=\"wp-block-file\"><a href=\"https:\/\/paroissesaintlaumer.com\/wp-content\/uploads\/2021\/08\/Neuvaine-Notre-Dame-de-lAssomption.pdf\">Neuvaine-Notre-Dame-de-lAssomption<\/a><a href=\"https:\/\/paroissesaintlaumer.com\/wp-content\/uploads\/2021\/08\/Neuvaine-Notre-Dame-de-lAssomption.pdf\" class=\"wp-block-file__button\" download>T\u00e9l\u00e9charger<\/a><\/div>\n\n\n\n<figure class=\"wp-block-image size-large\"><img loading=\"lazy\" width=\"707\" height=\"1024\" src=\"https:\/\/paroissesaintlaumer.com\/wp-content\/uploads\/2021\/08\/Assomption-707x1024.jpg\" alt=\"\" class=\"wp-image-2910\" srcset=\"https:\/\/paroissesaintlaumer.com\/wp-content\/uploads\/2021\/08\/Assomption-707x1024.jpg 707w, https:\/\/paroissesaintlaumer.com\/wp-content\/uploads\/2021\/08\/Assomption-207x300.jpg 207w, https:\/\/paroissesaintlaumer.com\/wp-content\/uploads\/2021\/08\/Assomption-768x1112.jpg 768w, https:\/\/paroissesaintlaumer.com\/wp-content\/uploads\/2021\/08\/Assomption.jpg 800w\" sizes=\"(max-width: 707px) 100vw, 707px\" \/><\/figure>\n","protected":false},"excerpt":{"rendered":"<p>L&#8217;Assomption de Marie fut d\u00e9cr\u00e9t\u00e9e F\u00eate Patronale par Louis XIII en vertu de son v\u0153u, en 1638, de consacrer le royaume de France \u00e0 la Vierge Marie. Ce v\u0153u fit&hellip; <\/p>\n","protected":false},"author":1,"featured_media":2911,"parent":0,"menu_order":0,"comment_status":"closed","ping_status":"closed","template":"","meta":{"ngg_post_thumbnail":0},"_links":{"self":[{"href":"https:\/\/paroissesaintlaumer.com\/index.php\/wp-json\/wp\/v2\/pages\/2908"}],"collection":[{"href":"https:\/\/paroissesaintlaumer.com\/index.php\/wp-json\/wp\/v2\/pages"}],"about":[{"href":"https:\/\/paroissesaintlaumer.com\/index.php\/wp-json\/wp\/v2\/types\/page"}],"author":[{"embeddable":true,"href":"https:\/\/paroissesaintlaumer.com\/index.php\/wp-json\/wp\/v2\/users\/1"}],"replies":[{"embeddable":true,"href":"https:\/\/paroissesaintlaumer.com\/index.php\/wp-json\/wp\/v2\/comments?post=2908"}],"version-history":[{"count":1,"href":"https:\/\/paroissesaintlaumer.com\/index.php\/wp-json\/wp\/v2\/pages\/2908\/revisions"}],"predecessor-version":[{"id":2912,"href":"https:\/\/paroissesaintlaumer.com\/index.php\/wp-json\/wp\/v2\/pages\/2908\/revisions\/2912"}],"wp:featuredmedia":[{"embeddable":true,"href":"https:\/\/paroissesaintlaumer.com\/index.php\/wp-json\/wp\/v2\/media\/2911"}],"wp:attachment":[{"href":"https:\/\/paroissesaintlaumer.com\/index.php\/wp-json\/wp\/v2\/media?parent=2908"}],"curies":[{"name":"wp","href":"https:\/\/api.w.org\/{rel}","templated":true}]}}