{"id":3028,"date":"2021-10-08T08:31:56","date_gmt":"2021-10-08T06:31:56","guid":{"rendered":"https:\/\/paroissesaintlaumer.com\/?page_id=3028"},"modified":"2021-10-08T08:45:42","modified_gmt":"2021-10-08T06:45:42","slug":"vente-de-bougies-de-neuvaine-pour-le-financement-du-pelerinage-des-catechistes-du-diocese","status":"publish","type":"page","link":"https:\/\/paroissesaintlaumer.com\/index.php\/vente-de-bougies-de-neuvaine-pour-le-financement-du-pelerinage-des-catechistes-du-diocese\/","title":{"rendered":"Vente de bougies de neuvaine pour le financement du p\u00e8lerinage des cat\u00e9chistes du Dioc\u00e8se"},"content":{"rendered":"\n<figure class=\"wp-block-image size-large\"><img loading=\"lazy\" width=\"724\" height=\"1024\" src=\"https:\/\/paroissesaintlaumer.com\/wp-content\/uploads\/2021\/10\/neuvaine_st_joseph-1-724x1024.jpg\" alt=\"\" class=\"wp-image-3029\" srcset=\"https:\/\/paroissesaintlaumer.com\/wp-content\/uploads\/2021\/10\/neuvaine_st_joseph-1-724x1024.jpg 724w, https:\/\/paroissesaintlaumer.com\/wp-content\/uploads\/2021\/10\/neuvaine_st_joseph-1-212x300.jpg 212w, https:\/\/paroissesaintlaumer.com\/wp-content\/uploads\/2021\/10\/neuvaine_st_joseph-1-768x1087.jpg 768w, https:\/\/paroissesaintlaumer.com\/wp-content\/uploads\/2021\/10\/neuvaine_st_joseph-1.jpg 826w\" sizes=\"(max-width: 724px) 100vw, 724px\" \/><\/figure>\n\n\n\n<p><a href=\"https:\/\/www.diocese-chartres.com\/services\/catechese\/\" target=\"_blank\" rel=\"noreferrer noopener\">Service Dioc\u00e9sain de la Cat\u00e9ch\u00e8se &#8211; Dioc\u00e8se de Chartres (diocese-chartres.com)<\/a><\/p>\n","protected":false},"excerpt":{"rendered":"<p>Service Dioc\u00e9sain de la Cat\u00e9ch\u00e8se &#8211; Dioc\u00e8se de Chartres (diocese-chartres.com)<\/p>\n","protected":false},"author":1,"featured_media":3031,"parent":0,"menu_order":0,"comment_status":"closed","ping_status":"closed","template":"","meta":{"ngg_post_thumbnail":0},"_links":{"self":[{"href":"https:\/\/paroissesaintlaumer.com\/index.php\/wp-json\/wp\/v2\/pages\/3028"}],"collection":[{"href":"https:\/\/paroissesaintlaumer.com\/index.php\/wp-json\/wp\/v2\/pages"}],"about":[{"href":"https:\/\/paroissesaintlaumer.com\/index.php\/wp-json\/wp\/v2\/types\/page"}],"author":[{"embeddable":true,"href":"https:\/\/paroissesaintlaumer.com\/index.php\/wp-json\/wp\/v2\/users\/1"}],"replies":[{"embeddable":true,"href":"https:\/\/paroissesaintlaumer.com\/index.php\/wp-json\/wp\/v2\/comments?post=3028"}],"version-history":[{"count":2,"href":"https:\/\/paroissesaintlaumer.com\/index.php\/wp-json\/wp\/v2\/pages\/3028\/revisions"}],"predecessor-version":[{"id":3044,"href":"https:\/\/paroissesaintlaumer.com\/index.php\/wp-json\/wp\/v2\/pages\/3028\/revisions\/3044"}],"wp:featuredmedia":[{"embeddable":true,"href":"https:\/\/paroissesaintlaumer.com\/index.php\/wp-json\/wp\/v2\/media\/3031"}],"wp:attachment":[{"href":"https:\/\/paroissesaintlaumer.com\/index.php\/wp-json\/wp\/v2\/media?parent=3028"}],"curies":[{"name":"wp","href":"https:\/\/api.w.org\/{rel}","templated":true}]}}