{"id":3074,"date":"2021-10-22T11:33:18","date_gmt":"2021-10-22T09:33:18","guid":{"rendered":"https:\/\/paroissesaintlaumer.com\/?page_id=3074"},"modified":"2021-10-22T11:33:18","modified_gmt":"2021-10-22T09:33:18","slug":"neuvaine-aux-ames-du-purgatoire-du-25-octobre-au-2-novembre","status":"publish","type":"page","link":"https:\/\/paroissesaintlaumer.com\/index.php\/neuvaine-aux-ames-du-purgatoire-du-25-octobre-au-2-novembre\/","title":{"rendered":"Neuvaine aux \u00e2mes du purgatoire du 25 octobre au 2 novembre"},"content":{"rendered":"\n<p>Ce mois-ci, prions avec Notre-Dame de Montligeon pour nos proches d\u00e9funts, que nous comm\u00e9morerons le 2 novembre. Pendant les 7 premiers jours de cette neuvaine (qui commence donc le 25 octobre), prions pour 7 d\u00e9funts qui sont peut-\u00eatre encore au Purgatoire, afin de h\u00e2ter le moment de leur d\u00e9livrance. Si ce n&#8217;est pas le cas, alors d&#8217;autres \u00c2mes en b\u00e9n\u00e9ficieront !<\/p>\n\n\n\n<div class=\"wp-block-file\"><a href=\"https:\/\/paroissesaintlaumer.com\/wp-content\/uploads\/2021\/10\/Neuvaine-Ames-du-Purgatoire.pdf\" target=\"_blank\" rel=\"noreferrer noopener\">Neuvaine-Ames-du-Purgatoire<\/a><a href=\"https:\/\/paroissesaintlaumer.com\/wp-content\/uploads\/2021\/10\/Neuvaine-Ames-du-Purgatoire.pdf\" class=\"wp-block-file__button\" download>T\u00e9l\u00e9charger<\/a><\/div>\n\n\n\n<p>N&#8217;oublions pas : \u00e0 chaque fois que nous contribuons \u00e0 d\u00e9livrer une \u00c2me du Purgatoire, elle n&#8217;aura de cesse d&#8217;interc\u00e9der pour nous dans toutes nos pri\u00e8res. Cela fait partie de la Communion des Saints.<\/p>\n\n\n\n<figure class=\"wp-block-image size-large\"><img loading=\"lazy\" width=\"580\" height=\"730\" src=\"https:\/\/paroissesaintlaumer.com\/wp-content\/uploads\/2021\/10\/Montligeon-2.jpg\" alt=\"\" class=\"wp-image-3069\" srcset=\"https:\/\/paroissesaintlaumer.com\/wp-content\/uploads\/2021\/10\/Montligeon-2.jpg 580w, https:\/\/paroissesaintlaumer.com\/wp-content\/uploads\/2021\/10\/Montligeon-2-238x300.jpg 238w\" sizes=\"(max-width: 580px) 100vw, 580px\" \/><\/figure>\n\n\n\n<p><strong><em>Propos\u00e9 par Jean-Baptise<\/em><\/strong><\/p>\n","protected":false},"excerpt":{"rendered":"<p>Ce mois-ci, prions avec Notre-Dame de Montligeon pour nos proches d\u00e9funts, que nous comm\u00e9morerons le 2 novembre. Pendant les 7 premiers jours de cette neuvaine (qui commence donc le 25&hellip; <\/p>\n","protected":false},"author":1,"featured_media":3068,"parent":0,"menu_order":0,"comment_status":"closed","ping_status":"closed","template":"","meta":{"ngg_post_thumbnail":0},"_links":{"self":[{"href":"https:\/\/paroissesaintlaumer.com\/index.php\/wp-json\/wp\/v2\/pages\/3074"}],"collection":[{"href":"https:\/\/paroissesaintlaumer.com\/index.php\/wp-json\/wp\/v2\/pages"}],"about":[{"href":"https:\/\/paroissesaintlaumer.com\/index.php\/wp-json\/wp\/v2\/types\/page"}],"author":[{"embeddable":true,"href":"https:\/\/paroissesaintlaumer.com\/index.php\/wp-json\/wp\/v2\/users\/1"}],"replies":[{"embeddable":true,"href":"https:\/\/paroissesaintlaumer.com\/index.php\/wp-json\/wp\/v2\/comments?post=3074"}],"version-history":[{"count":1,"href":"https:\/\/paroissesaintlaumer.com\/index.php\/wp-json\/wp\/v2\/pages\/3074\/revisions"}],"predecessor-version":[{"id":3075,"href":"https:\/\/paroissesaintlaumer.com\/index.php\/wp-json\/wp\/v2\/pages\/3074\/revisions\/3075"}],"wp:featuredmedia":[{"embeddable":true,"href":"https:\/\/paroissesaintlaumer.com\/index.php\/wp-json\/wp\/v2\/media\/3068"}],"wp:attachment":[{"href":"https:\/\/paroissesaintlaumer.com\/index.php\/wp-json\/wp\/v2\/media?parent=3074"}],"curies":[{"name":"wp","href":"https:\/\/api.w.org\/{rel}","templated":true}]}}