{"id":3125,"date":"2021-11-19T17:58:59","date_gmt":"2021-11-19T16:58:59","guid":{"rendered":"https:\/\/paroissesaintlaumer.com\/?page_id=3125"},"modified":"2021-11-19T17:58:59","modified_gmt":"2021-11-19T16:58:59","slug":"neuvaine-a-notre-dame-de-la-medaille-miraculeuse-du-19-au-27-novembre","status":"publish","type":"page","link":"https:\/\/paroissesaintlaumer.com\/index.php\/neuvaine-a-notre-dame-de-la-medaille-miraculeuse-du-19-au-27-novembre\/","title":{"rendered":"Neuvaine \u00e0 Notre-Dame de la M\u00e9daille Miraculeuse du 19 au 27 novembre"},"content":{"rendered":"\n<p>Le 27 novembre 1830, la Vierge Marie apparaissait pour la deuxi\u00e8me fois \u00e0 S\u0153ur Catherine Labour\u00e9, dans la Chapelle de la Rue du Bac, \u00e0 Paris. Ce jour-l\u00e0, notre Tr\u00e8s Sainte M\u00e8re lui demanda de faire frapper la M\u00e9daille Miraculeuse, promettant de nombreuses Gr\u00e2ces \u00e0 celles et ceux qui la porteront avec confiance.<\/p>\n\n\n\n<p>Durant cette neuvaine, affirmons notre Confiance en Marie, et les mots qui riment avec : Ob\u00e9issance, Pers\u00e9v\u00e9rance, Esp\u00e9rance. Ou profitons-en simplement pour d\u00e9couvrir quelques &#8220;anecdotes&#8221;&#8230; Miraculeuses.<\/p>\n\n\n\n<div class=\"wp-block-file\"><a href=\"https:\/\/paroissesaintlaumer.com\/wp-content\/uploads\/2021\/11\/Neuvaine-Notre-Dame-de-la-Medaille-Miraculeuse.pdf\">Neuvaine-Notre-Dame-de-la-Medaille-Miraculeuse<\/a><a href=\"https:\/\/paroissesaintlaumer.com\/wp-content\/uploads\/2021\/11\/Neuvaine-Notre-Dame-de-la-Medaille-Miraculeuse.pdf\" class=\"wp-block-file__button\" download>T\u00e9l\u00e9charger<\/a><\/div>\n\n\n\n<figure class=\"wp-block-image size-large\"><img loading=\"lazy\" width=\"768\" height=\"1024\" src=\"https:\/\/paroissesaintlaumer.com\/wp-content\/uploads\/2021\/11\/Medaille-Miraculeuse-2-768x1024.jpg\" alt=\"\" class=\"wp-image-3121\" srcset=\"https:\/\/paroissesaintlaumer.com\/wp-content\/uploads\/2021\/11\/Medaille-Miraculeuse-2-768x1024.jpg 768w, https:\/\/paroissesaintlaumer.com\/wp-content\/uploads\/2021\/11\/Medaille-Miraculeuse-2-225x300.jpg 225w, https:\/\/paroissesaintlaumer.com\/wp-content\/uploads\/2021\/11\/Medaille-Miraculeuse-2-1152x1536.jpg 1152w, https:\/\/paroissesaintlaumer.com\/wp-content\/uploads\/2021\/11\/Medaille-Miraculeuse-2.jpg 1368w\" sizes=\"(max-width: 768px) 100vw, 768px\" \/><\/figure>\n","protected":false},"excerpt":{"rendered":"<p>Le 27 novembre 1830, la Vierge Marie apparaissait pour la deuxi\u00e8me fois \u00e0 S\u0153ur Catherine Labour\u00e9, dans la Chapelle de la Rue du Bac, \u00e0 Paris. Ce jour-l\u00e0, notre Tr\u00e8s&hellip; <\/p>\n","protected":false},"author":1,"featured_media":3126,"parent":0,"menu_order":0,"comment_status":"closed","ping_status":"closed","template":"","meta":{"ngg_post_thumbnail":0},"_links":{"self":[{"href":"https:\/\/paroissesaintlaumer.com\/index.php\/wp-json\/wp\/v2\/pages\/3125"}],"collection":[{"href":"https:\/\/paroissesaintlaumer.com\/index.php\/wp-json\/wp\/v2\/pages"}],"about":[{"href":"https:\/\/paroissesaintlaumer.com\/index.php\/wp-json\/wp\/v2\/types\/page"}],"author":[{"embeddable":true,"href":"https:\/\/paroissesaintlaumer.com\/index.php\/wp-json\/wp\/v2\/users\/1"}],"replies":[{"embeddable":true,"href":"https:\/\/paroissesaintlaumer.com\/index.php\/wp-json\/wp\/v2\/comments?post=3125"}],"version-history":[{"count":1,"href":"https:\/\/paroissesaintlaumer.com\/index.php\/wp-json\/wp\/v2\/pages\/3125\/revisions"}],"predecessor-version":[{"id":3127,"href":"https:\/\/paroissesaintlaumer.com\/index.php\/wp-json\/wp\/v2\/pages\/3125\/revisions\/3127"}],"wp:featuredmedia":[{"embeddable":true,"href":"https:\/\/paroissesaintlaumer.com\/index.php\/wp-json\/wp\/v2\/media\/3126"}],"wp:attachment":[{"href":"https:\/\/paroissesaintlaumer.com\/index.php\/wp-json\/wp\/v2\/media?parent=3125"}],"curies":[{"name":"wp","href":"https:\/\/api.w.org\/{rel}","templated":true}]}}