{"id":3177,"date":"2021-12-16T16:46:03","date_gmt":"2021-12-16T15:46:03","guid":{"rendered":"https:\/\/paroissesaintlaumer.com\/?page_id=3177"},"modified":"2021-12-16T16:48:47","modified_gmt":"2021-12-16T15:48:47","slug":"neuvaine-du-17-au-26-decembre-2021","status":"publish","type":"page","link":"https:\/\/paroissesaintlaumer.com\/index.php\/neuvaine-du-17-au-26-decembre-2021\/","title":{"rendered":"Neuvaine \u00e0 la Sainte Famille du 17 au 26 d\u00e9cembre 2021"},"content":{"rendered":"\n<p>Cette ann\u00e9e, nous c\u00e9l\u00e9brerons la Sainte Famille le dimanche 26 d\u00e9cembre. La Petite Trinit\u00e9 sur la terre&#8230;<\/p>\n\n\n\n<p>C&#8217;est l&#8217;occasion de prier pour notre famille, pour celles de notre entourage, notre Paroisse, notre Dioc\u00e8se, notre pays, en ces temps troubl\u00e9s o\u00f9 certaines familles sont mises \u00e0 rude \u00e9preuve. Implorons la Sainte Famille de Nazareth d&#8217;interc\u00e9der pour nous, et de nous obtenir de nombreuses Gr\u00e2ces.<\/p>\n\n\n\n<p>J\u00e9sus, Marie, Joseph, priez pour nous.<\/p>\n\n\n\n<div class=\"wp-block-file\"><a href=\"https:\/\/paroissesaintlaumer.com\/wp-content\/uploads\/2021\/12\/Neuvaine-Sainte-Famille.pdf\" target=\"_blank\" rel=\"noreferrer noopener\">Neuvaine-Sainte-Famille<\/a><a href=\"https:\/\/paroissesaintlaumer.com\/wp-content\/uploads\/2021\/12\/Neuvaine-Sainte-Famille.pdf\" class=\"wp-block-file__button\" download>T\u00e9l\u00e9charger<\/a><\/div>\n\n\n\n<figure class=\"wp-block-image size-large\"><img loading=\"lazy\" width=\"477\" height=\"559\" src=\"https:\/\/paroissesaintlaumer.com\/wp-content\/uploads\/2021\/12\/sainte-famille-1.jpg\" alt=\"\" class=\"wp-image-3173\" srcset=\"https:\/\/paroissesaintlaumer.com\/wp-content\/uploads\/2021\/12\/sainte-famille-1.jpg 477w, https:\/\/paroissesaintlaumer.com\/wp-content\/uploads\/2021\/12\/sainte-famille-1-256x300.jpg 256w\" sizes=\"(max-width: 477px) 100vw, 477px\" \/><\/figure>\n","protected":false},"excerpt":{"rendered":"<p>Cette ann\u00e9e, nous c\u00e9l\u00e9brerons la Sainte Famille le dimanche 26 d\u00e9cembre. La Petite Trinit\u00e9 sur la terre&#8230; C&#8217;est l&#8217;occasion de prier pour notre famille, pour celles de notre entourage, notre&hellip; <\/p>\n","protected":false},"author":1,"featured_media":3174,"parent":0,"menu_order":0,"comment_status":"closed","ping_status":"closed","template":"","meta":{"ngg_post_thumbnail":0},"_links":{"self":[{"href":"https:\/\/paroissesaintlaumer.com\/index.php\/wp-json\/wp\/v2\/pages\/3177"}],"collection":[{"href":"https:\/\/paroissesaintlaumer.com\/index.php\/wp-json\/wp\/v2\/pages"}],"about":[{"href":"https:\/\/paroissesaintlaumer.com\/index.php\/wp-json\/wp\/v2\/types\/page"}],"author":[{"embeddable":true,"href":"https:\/\/paroissesaintlaumer.com\/index.php\/wp-json\/wp\/v2\/users\/1"}],"replies":[{"embeddable":true,"href":"https:\/\/paroissesaintlaumer.com\/index.php\/wp-json\/wp\/v2\/comments?post=3177"}],"version-history":[{"count":2,"href":"https:\/\/paroissesaintlaumer.com\/index.php\/wp-json\/wp\/v2\/pages\/3177\/revisions"}],"predecessor-version":[{"id":3181,"href":"https:\/\/paroissesaintlaumer.com\/index.php\/wp-json\/wp\/v2\/pages\/3177\/revisions\/3181"}],"wp:featuredmedia":[{"embeddable":true,"href":"https:\/\/paroissesaintlaumer.com\/index.php\/wp-json\/wp\/v2\/media\/3174"}],"wp:attachment":[{"href":"https:\/\/paroissesaintlaumer.com\/index.php\/wp-json\/wp\/v2\/media?parent=3177"}],"curies":[{"name":"wp","href":"https:\/\/api.w.org\/{rel}","templated":true}]}}