{"id":3237,"date":"2022-01-18T09:23:12","date_gmt":"2022-01-18T08:23:12","guid":{"rendered":"https:\/\/paroissesaintlaumer.com\/?page_id=3237"},"modified":"2022-01-18T09:23:12","modified_gmt":"2022-01-18T08:23:12","slug":"neuvaine-de-janvier-2022","status":"publish","type":"page","link":"https:\/\/paroissesaintlaumer.com\/index.php\/neuvaine-de-janvier-2022\/","title":{"rendered":"Neuvaine de janvier 2022"},"content":{"rendered":"\n<p>En ce d\u00e9but d&#8217;ann\u00e9e, prions avec saint Paul pour notre conversion personnelle, et celle de nos proches.<\/p>\n\n\n\n<p>Sommes-nous toujours totalement fid\u00e8les \u00e0 Loi divine ? Aux Commandements, Pr\u00e9ceptes et Ordonnances de Dieu ? Emplissons-nous de bonnes intentions, et demandons \u00e0 saint Paul de nous aider \u00e0 pers\u00e9v\u00e9rer.<\/p>\n\n\n\n<div class=\"wp-block-file\"><a href=\"https:\/\/paroissesaintlaumer.com\/wp-content\/uploads\/2022\/01\/Neuvaine-Saint-Paul-Conversion.pdf\">Neuvaine-Saint-Paul-Conversion<\/a><a href=\"https:\/\/paroissesaintlaumer.com\/wp-content\/uploads\/2022\/01\/Neuvaine-Saint-Paul-Conversion.pdf\" class=\"wp-block-file__button\" download>T\u00e9l\u00e9charger<\/a><\/div>\n","protected":false},"excerpt":{"rendered":"<p>En ce d\u00e9but d&#8217;ann\u00e9e, prions avec saint Paul pour notre conversion personnelle, et celle de nos proches. Sommes-nous toujours totalement fid\u00e8les \u00e0 Loi divine ? Aux Commandements, Pr\u00e9ceptes et Ordonnances&hellip; <\/p>\n","protected":false},"author":1,"featured_media":3234,"parent":0,"menu_order":0,"comment_status":"closed","ping_status":"closed","template":"","meta":{"ngg_post_thumbnail":0},"_links":{"self":[{"href":"https:\/\/paroissesaintlaumer.com\/index.php\/wp-json\/wp\/v2\/pages\/3237"}],"collection":[{"href":"https:\/\/paroissesaintlaumer.com\/index.php\/wp-json\/wp\/v2\/pages"}],"about":[{"href":"https:\/\/paroissesaintlaumer.com\/index.php\/wp-json\/wp\/v2\/types\/page"}],"author":[{"embeddable":true,"href":"https:\/\/paroissesaintlaumer.com\/index.php\/wp-json\/wp\/v2\/users\/1"}],"replies":[{"embeddable":true,"href":"https:\/\/paroissesaintlaumer.com\/index.php\/wp-json\/wp\/v2\/comments?post=3237"}],"version-history":[{"count":1,"href":"https:\/\/paroissesaintlaumer.com\/index.php\/wp-json\/wp\/v2\/pages\/3237\/revisions"}],"predecessor-version":[{"id":3238,"href":"https:\/\/paroissesaintlaumer.com\/index.php\/wp-json\/wp\/v2\/pages\/3237\/revisions\/3238"}],"wp:featuredmedia":[{"embeddable":true,"href":"https:\/\/paroissesaintlaumer.com\/index.php\/wp-json\/wp\/v2\/media\/3234"}],"wp:attachment":[{"href":"https:\/\/paroissesaintlaumer.com\/index.php\/wp-json\/wp\/v2\/media?parent=3237"}],"curies":[{"name":"wp","href":"https:\/\/api.w.org\/{rel}","templated":true}]}}