{"id":3836,"date":"2023-03-23T21:30:51","date_gmt":"2023-03-23T20:30:51","guid":{"rendered":"https:\/\/paroissesaintlaumer.com\/?page_id=3836"},"modified":"2025-09-25T17:32:24","modified_gmt":"2025-09-25T15:32:24","slug":"les-pretres-et-diacre-de-la-paroisse","status":"publish","type":"page","link":"https:\/\/paroissesaintlaumer.com\/index.php\/les-pretres-et-diacre-de-la-paroisse\/","title":{"rendered":"Les pr\u00eatres et diacres de la paroisse"},"content":{"rendered":"\n<p>Coordonn\u00e9es postales, t\u00e9l\u00e9phones, adresses de courriel.<\/p>\n\n\n\n<!--more-->\n\n\n\n<hr class=\"wp-block-separator\"\/>\n\n\n\n<div class=\"wp-block-media-text alignwide is-stacked-on-mobile\"><figure class=\"wp-block-media-text__media\"><img loading=\"lazy\" width=\"369\" height=\"369\" src=\"https:\/\/paroissesaintlaumer.com\/wp-content\/uploads\/2025\/09\/Pere-Dominique-1.jpeg\" alt=\"\" class=\"wp-image-4999\" srcset=\"https:\/\/paroissesaintlaumer.com\/wp-content\/uploads\/2025\/09\/Pere-Dominique-1.jpeg 369w, https:\/\/paroissesaintlaumer.com\/wp-content\/uploads\/2025\/09\/Pere-Dominique-1-300x300.jpeg 300w, https:\/\/paroissesaintlaumer.com\/wp-content\/uploads\/2025\/09\/Pere-Dominique-1-150x150.jpeg 150w\" sizes=\"(max-width: 369px) 100vw, 369px\" \/><\/figure><div class=\"wp-block-media-text__content\">\n<p><strong>P\u00e8re Dominique FIENI\u00a0<\/strong><br>Cur\u00e9<\/p>\n\n\n\n<p>Adresse\u00a0: 18 rue de l\u2019\u00e9glise 28240 La Loupe<\/p>\n\n\n\n<p>T\u00e9l : 07 58 36 73 88<\/p>\n\n\n\n<p>Email&nbsp;: <br><a href=\"mailto:assempaouo@yahoo.fr\">assempaouo@yahoo.fr<\/a><\/p>\n\n\n\n<p><\/p>\n<\/div><\/div>\n\n\n\n<div class=\"wp-block-media-text alignwide is-stacked-on-mobile\"><figure class=\"wp-block-media-text__media\"><img loading=\"lazy\" width=\"253\" height=\"253\" src=\"https:\/\/paroissesaintlaumer.com\/wp-content\/uploads\/2023\/03\/Pere-Jeannot.jpg\" alt=\"\" class=\"wp-image-3845\" srcset=\"https:\/\/paroissesaintlaumer.com\/wp-content\/uploads\/2023\/03\/Pere-Jeannot.jpg 253w, https:\/\/paroissesaintlaumer.com\/wp-content\/uploads\/2023\/03\/Pere-Jeannot-150x150.jpg 150w\" sizes=\"(max-width: 253px) 100vw, 253px\" \/><\/figure><div class=\"wp-block-media-text__content\">\n<p><strong>P\u00e8re Jeannot TEMBELY<\/strong><br>Vicaire<\/p>\n\n\n\n<p>Adresse\u00a0: 18 rue de l\u2019\u00e9glise 28240 La Loupe<\/p>\n\n\n\n<p>T\u00e9l : 07 49 29 58 75<\/p>\n\n\n\n<p>Email&nbsp;: <a href=\"mailto:jeannottembely@yahoo.fr\">jeannottembely@yahoo.fr<\/a><\/p>\n<\/div><\/div>\n\n\n\n<div class=\"wp-block-media-text alignwide is-stacked-on-mobile\"><figure class=\"wp-block-media-text__media\"><img loading=\"lazy\" width=\"683\" height=\"1024\" src=\"https:\/\/paroissesaintlaumer.com\/wp-content\/uploads\/2023\/03\/Diacre-Marc-683x1024.jpg\" alt=\"\" class=\"wp-image-3846\" srcset=\"https:\/\/paroissesaintlaumer.com\/wp-content\/uploads\/2023\/03\/Diacre-Marc-683x1024.jpg 683w, https:\/\/paroissesaintlaumer.com\/wp-content\/uploads\/2023\/03\/Diacre-Marc-200x300.jpg 200w, https:\/\/paroissesaintlaumer.com\/wp-content\/uploads\/2023\/03\/Diacre-Marc-768x1152.jpg 768w, https:\/\/paroissesaintlaumer.com\/wp-content\/uploads\/2023\/03\/Diacre-Marc-1024x1536.jpg 1024w, https:\/\/paroissesaintlaumer.com\/wp-content\/uploads\/2023\/03\/Diacre-Marc-1365x2048.jpg 1365w, https:\/\/paroissesaintlaumer.com\/wp-content\/uploads\/2023\/03\/Diacre-Marc.jpg 1659w\" sizes=\"(max-width: 683px) 100vw, 683px\" \/><\/figure><div class=\"wp-block-media-text__content\">\n<p><strong>Marc DEBACKER<\/strong><br>Diacre<\/p>\n\n\n\n<p>Adresse\u00a0: 34 rue du gros ch\u00eane 28240 La Loupe<\/p>\n\n\n\n<p>T\u00e9l : 06 88 83 27 22<\/p>\n\n\n\n<p>Son mail <a href=\"mailto:debacker.marc@neuf.fr\">debacker.marc@neuf.fr<\/a>&nbsp; <\/p>\n<\/div><\/div>\n\n\n\n<div class=\"wp-block-media-text alignwide is-stacked-on-mobile\"><figure class=\"wp-block-media-text__media\"><img loading=\"lazy\" width=\"269\" height=\"323\" src=\"https:\/\/paroissesaintlaumer.com\/wp-content\/uploads\/2024\/12\/Photo-Bertrand-Leys.jpg\" alt=\"\" class=\"wp-image-4754\" srcset=\"https:\/\/paroissesaintlaumer.com\/wp-content\/uploads\/2024\/12\/Photo-Bertrand-Leys.jpg 269w, https:\/\/paroissesaintlaumer.com\/wp-content\/uploads\/2024\/12\/Photo-Bertrand-Leys-250x300.jpg 250w\" sizes=\"(max-width: 269px) 100vw, 269px\" \/><\/figure><div class=\"wp-block-media-text__content\">\n<p><strong>Bertrand LEYS\u00a0<\/strong><br>Diacre<\/p>\n\n\n\n<p>Adresse&nbsp;: Les Rigaudi\u00e8res \u2013 28340 La Chapelle Fortin<\/p>\n\n\n\n<p>T\u00e9l\u00e9phone&nbsp;: 02 37 52 73 36<\/p>\n\n\n\n<p>Son email&nbsp;: <a href=\"mailto:b.leys@hotmail.fr\">b.leys@hotmail.fr<\/a><\/p>\n<\/div><\/div>\n","protected":false},"excerpt":{"rendered":"<p>Coordonn\u00e9es postales, t\u00e9l\u00e9phones, adresses de courriel.<\/p>\n","protected":false},"author":12,"featured_media":5008,"parent":0,"menu_order":0,"comment_status":"closed","ping_status":"closed","template":"","meta":{"ngg_post_thumbnail":0},"_links":{"self":[{"href":"https:\/\/paroissesaintlaumer.com\/index.php\/wp-json\/wp\/v2\/pages\/3836"}],"collection":[{"href":"https:\/\/paroissesaintlaumer.com\/index.php\/wp-json\/wp\/v2\/pages"}],"about":[{"href":"https:\/\/paroissesaintlaumer.com\/index.php\/wp-json\/wp\/v2\/types\/page"}],"author":[{"embeddable":true,"href":"https:\/\/paroissesaintlaumer.com\/index.php\/wp-json\/wp\/v2\/users\/12"}],"replies":[{"embeddable":true,"href":"https:\/\/paroissesaintlaumer.com\/index.php\/wp-json\/wp\/v2\/comments?post=3836"}],"version-history":[{"count":14,"href":"https:\/\/paroissesaintlaumer.com\/index.php\/wp-json\/wp\/v2\/pages\/3836\/revisions"}],"predecessor-version":[{"id":5012,"href":"https:\/\/paroissesaintlaumer.com\/index.php\/wp-json\/wp\/v2\/pages\/3836\/revisions\/5012"}],"wp:featuredmedia":[{"embeddable":true,"href":"https:\/\/paroissesaintlaumer.com\/index.php\/wp-json\/wp\/v2\/media\/5008"}],"wp:attachment":[{"href":"https:\/\/paroissesaintlaumer.com\/index.php\/wp-json\/wp\/v2\/media?parent=3836"}],"curies":[{"name":"wp","href":"https:\/\/api.w.org\/{rel}","templated":true}]}}