{"id":4192,"date":"2023-12-09T22:09:37","date_gmt":"2023-12-09T21:09:37","guid":{"rendered":"https:\/\/paroissesaintlaumer.com\/?page_id=4192"},"modified":"2023-12-09T22:09:37","modified_gmt":"2023-12-09T21:09:37","slug":"le-conseil-paroissial-pour-les-affaires-economiques","status":"publish","type":"page","link":"https:\/\/paroissesaintlaumer.com\/index.php\/le-conseil-paroissial-pour-les-affaires-economiques\/","title":{"rendered":"Le Conseil Paroissial pour les Affaires Economiques"},"content":{"rendered":"\n<p class=\"has-text-align-justify\"><strong>\u00ab&nbsp;Canon 537<\/strong>&nbsp;&#8211; Il y aura dans chaque paroisse le conseil pour les affaires \u00e9conomiques qui sera r\u00e9gi, en plus du droit universel, par les r\u00e8gles que l&#8217;\u00c9v\u00eaque dioc\u00e9sain aura port\u00e9es; dans ce conseil, des fid\u00e8les, choisis selon ces r\u00e8gles, apporteront leur aide au cur\u00e9 pour l&#8217;administration des biens de la paroisse, restant sauves les dispositions du can. 532&nbsp;\u00bb<\/p>\n\n\n\n<div class=\"wp-block-group alignwide\"><div class=\"wp-block-group__inner-container\">\n<div class=\"wp-block-group alignwide\"><div class=\"wp-block-group__inner-container\"><\/div><\/div>\n\n\n\n<p><\/p>\n<\/div><\/div>\n\n\n\n<p class=\"has-text-align-justify\"><a>Le Conseil Paroissial pour les Affaires Economiques <\/a>(CPAE,) constitu\u00e9 en application du canon 537 du Code de Droit canonique, apporte son aide au cur\u00e9 dans la gestion des biens mat\u00e9riels de la paroisse, pour le service de la mission de l&#8217;Eglise.<\/p>\n\n\n\n<div class=\"wp-block-group\"><div class=\"wp-block-group__inner-container\">\n<figure class=\"wp-block-image size-large is-style-rounded\"><img loading=\"lazy\" width=\"1024\" height=\"461\" src=\"https:\/\/paroissesaintlaumer.com\/wp-content\/uploads\/2023\/10\/20231012_173758-1024x461.jpg\" alt=\"\" class=\"wp-image-4193\" srcset=\"https:\/\/paroissesaintlaumer.com\/wp-content\/uploads\/2023\/10\/20231012_173758-1024x461.jpg 1024w, https:\/\/paroissesaintlaumer.com\/wp-content\/uploads\/2023\/10\/20231012_173758-300x135.jpg 300w, https:\/\/paroissesaintlaumer.com\/wp-content\/uploads\/2023\/10\/20231012_173758-768x346.jpg 768w, https:\/\/paroissesaintlaumer.com\/wp-content\/uploads\/2023\/10\/20231012_173758-1536x691.jpg 1536w, https:\/\/paroissesaintlaumer.com\/wp-content\/uploads\/2023\/10\/20231012_173758-2048x922.jpg 2048w\" sizes=\"(max-width: 1024px) 100vw, 1024px\" \/><\/figure>\n<\/div><\/div>\n\n\n\n<p>Les personnes appel\u00e9es \u00e0 ce conseil sont&nbsp;:<\/p>\n\n\n\n<figure class=\"wp-block-table\"><table><tbody><tr><td><strong>PRENOMS<\/strong><\/td><td class=\"has-text-align-left\" data-align=\"left\"><strong>NOMS<\/strong><\/td><\/tr><tr><td>Jean-Marie<\/td><td class=\"has-text-align-left\" data-align=\"left\">GATOUILLAT<\/td><\/tr><tr><td>Jacques<\/td><td class=\"has-text-align-left\" data-align=\"left\">JAHANDIER<\/td><\/tr><tr><td>R\u00e9gine<\/td><td class=\"has-text-align-left\" data-align=\"left\">LACROIX<\/td><\/tr><tr><td>Bernard<\/td><td class=\"has-text-align-left\" data-align=\"left\">PERRET<\/td><\/tr><tr><td>Jean-Yves<\/td><td class=\"has-text-align-left\" data-align=\"left\">POUCINEAU<\/td><\/tr><tr><td>Albert<\/td><td class=\"has-text-align-left\" data-align=\"left\">VANDROMME<\/td><\/tr><\/tbody><\/table><\/figure>\n","protected":false},"excerpt":{"rendered":"<p>\u00ab&nbsp;Canon 537&nbsp;&#8211; Il y aura dans chaque paroisse le conseil pour les affaires \u00e9conomiques qui sera r\u00e9gi, en plus du droit universel, par les r\u00e8gles que l&#8217;\u00c9v\u00eaque dioc\u00e9sain aura port\u00e9es;&hellip; <\/p>\n","protected":false},"author":12,"featured_media":0,"parent":0,"menu_order":0,"comment_status":"closed","ping_status":"closed","template":"","meta":{"ngg_post_thumbnail":0},"_links":{"self":[{"href":"https:\/\/paroissesaintlaumer.com\/index.php\/wp-json\/wp\/v2\/pages\/4192"}],"collection":[{"href":"https:\/\/paroissesaintlaumer.com\/index.php\/wp-json\/wp\/v2\/pages"}],"about":[{"href":"https:\/\/paroissesaintlaumer.com\/index.php\/wp-json\/wp\/v2\/types\/page"}],"author":[{"embeddable":true,"href":"https:\/\/paroissesaintlaumer.com\/index.php\/wp-json\/wp\/v2\/users\/12"}],"replies":[{"embeddable":true,"href":"https:\/\/paroissesaintlaumer.com\/index.php\/wp-json\/wp\/v2\/comments?post=4192"}],"version-history":[{"count":4,"href":"https:\/\/paroissesaintlaumer.com\/index.php\/wp-json\/wp\/v2\/pages\/4192\/revisions"}],"predecessor-version":[{"id":4288,"href":"https:\/\/paroissesaintlaumer.com\/index.php\/wp-json\/wp\/v2\/pages\/4192\/revisions\/4288"}],"wp:attachment":[{"href":"https:\/\/paroissesaintlaumer.com\/index.php\/wp-json\/wp\/v2\/media?parent=4192"}],"curies":[{"name":"wp","href":"https:\/\/api.w.org\/{rel}","templated":true}]}}