{"id":46,"date":"2017-11-08T13:22:18","date_gmt":"2017-11-08T12:22:18","guid":{"rendered":"http:\/\/paroissesaintlaumer.com\/?page_id=46"},"modified":"2021-04-30T14:30:33","modified_gmt":"2021-04-30T12:30:33","slug":"catechisme","status":"publish","type":"page","link":"https:\/\/paroissesaintlaumer.com\/index.php\/catechisme\/","title":{"rendered":"Cat\u00e9chisme"},"content":{"rendered":"\n<p>Tout ce qu&#8217;il faut savoir sur le cat\u00e9chisme.<\/p>\n\n\n\n<!--more-->\n\n\n\n<p class=\"has-text-align-center has-black-color has-luminous-vivid-amber-background-color has-text-color has-background\">Une seule adresse de courriel pour les 3 secteurs :<br><strong>kt@paroissesaintlaumer.com<\/strong><\/p>\n\n\n<p>Voici les r\u00e9f\u00e9rents pour les 3 secteurs de la paroisse.<\/p>\n<h2 class=\"tablepress-table-name tablepress-table-name-id-7\">Cat\u00e9chisme et \u00e9veil \u00e0 la Foi<\/h2>\n\n<table id=\"tablepress-7\" class=\"tablepress tablepress-id-7\">\n<tbody class=\"row-hover\">\n<tr class=\"row-1 odd\">\n\t<td class=\"column-1\">Secteur de Senonches<\/td><td class=\"column-2\">Marilyne Dodin<\/td><td class=\"column-3\">t\u00e9l : 06 10 83 65 24 <\/td>\n<\/tr>\n<tr class=\"row-2 even\">\n\t<td class=\"column-1\">Secteur de La Loupe<\/td><td class=\"column-2\">P\u00e8re Vincent SODIO<\/td><td class=\"column-3\">t\u00e9l : 06 24 16 55 98<\/td>\n<\/tr>\n<tr class=\"row-3 odd\">\n\t<td class=\"column-1\">Secteur de La Fert\u00e9 Vidame<\/td><td class=\"column-2\">Isaure Lef\u00e9bure<\/td><td class=\"column-3\">t\u00e9: : 06 30 27 47 78<\/td>\n<\/tr>\n<\/tbody>\n<\/table>\n<!-- #tablepress-7 from cache -->\n<div class=\"wpb_text_column wpb_content_element \">\n<div class=\"wpb_wrapper\">\n<p><strong>Le cat\u00e9chisme est propos\u00e9 aux enfants de 7 \u00e0 12 ans. C\u2019est une d\u00e9marche qui construit l\u2019Homme, qui initie \u00e0 la vie avec J\u00e9sus-Christ, qui aide \u00e0 d\u00e9couvrir Dieu et \u00e0 l\u2019aimer.<\/strong><\/p>\n<p><img loading=\"lazy\" class=\" alignleft wp-image-354706 size-medium\" src=\"http:\/\/www.eglise.catholique.fr\/wp-content\/uploads\/sites\/2\/2014\/05\/notre_pere_enfants-300x199.jpg\" sizes=\"(max-width: 300px) 100vw, 300px\" srcset=\"http:\/\/www.eglise.catholique.fr\/wp-content\/uploads\/sites\/2\/2014\/05\/notre_pere_enfants-300x199.jpg 300w, http:\/\/www.eglise.catholique.fr\/wp-content\/uploads\/sites\/2\/2014\/05\/notre_pere_enfants-1024x680.jpg 1024w, http:\/\/www.eglise.catholique.fr\/wp-content\/uploads\/sites\/2\/2014\/05\/notre_pere_enfants.jpg 1280w\" alt=\"Ecole de Pri\u00e8re de Saint Prix\" width=\"300\" height=\"199\" data-watermark=\"Corinne SIMON\/CIRIC\">Inscrire son enfant au cat\u00e9chisme, c\u2019est lui permettre de rencontrer J\u00e9sus et de d\u00e9couvrir qu\u2019il est aim\u00e9 de Dieu. C\u2019est aussi lui donner des \u00e9l\u00e9ments de r\u00e9flexion sur des questions qu\u2019il se pose sur lui-m\u00eame, sur le monde et sur Dieu.<\/p>\n<p>Le cat\u00e9chisme pr\u00e9sente la foi de l\u2019Eglise, sa coh\u00e9rence, son intelligence, sa dynamique pour que chacun puisse exprimer sa propre foi chr\u00e9tienne par des mots et des actes. C\u2019est l\u2019engagement progressif d\u2019une personne qui chemine avec Dieu et son prochain.<\/p>\n<\/div>\n<\/div>\n<div class=\"wpb_text_column wpb_content_element \">\n<div class=\"wpb_wrapper\">\n<p><em>\u00ab II s\u2019agit d\u2019apprendre en quelque sorte \u00e0 cheminer avec le Christ, d\u2019apprendre \u00e0 s\u2019\u00e9merveiller de tout ce qu\u2019il repr\u00e9sente pour notre existence, aujourd\u2019hui comme toujours ; il s\u2019agit de savoir accueillir l\u2019amour de Dieu \u00e0 travers tous les signes qu\u2019il nous donne de lui-m\u00eame ; il s\u2019agit d\u2019\u00eatre ins\u00e9r\u00e9 dans une communaut\u00e9 chr\u00e9tienne et de d\u00e9couvrir, en elle et par elle, la nouveaut\u00e9 de l\u2019Evangile. Voil\u00e0 ce que veut \u00eatre le cat\u00e9chisme, ce qu\u2019il veut permettre aux enfants. On ne va pas au cat\u00e9chisme comme on va \u00e0 la musique ou \u00e0 la danse. La musique, la danse et bien d\u2019autres choses enrichissent l\u2019enfant dans sa mani\u00e8re de vivre mais ils ne lui font pas d\u00e9couvrir le sens profond de sa vie, ils ne l\u2019\u00e9duquent pas dans sa libert\u00e9 spirituelle. Et c\u2019est bien ce que tant de personnes ressentent aujourd\u2019hui comme un manque fondamental. \u00bb<\/em><\/p>\n<p>Abb\u00e9 Roger LAURENS, pr\u00eatre \u00e0 Albi<\/p>\n<\/div>\n<\/div>\n<div class=\"vc_separator wpb_content_element vc_separator_align_left vc_sep_width_100 vc_sep_pos_align_center vc_sep_color_grey vc_separator-has-text\"><em>&nbsp;source : site&nbsp;eglise.catholique.fr.<\/em><\/div>\n\n\n<p><\/p>\n","protected":false},"excerpt":{"rendered":"<p>Tout ce qu&#8217;il faut savoir sur le cat\u00e9chisme.<\/p>\n","protected":false},"author":1,"featured_media":2724,"parent":0,"menu_order":0,"comment_status":"closed","ping_status":"closed","template":"","meta":{"ngg_post_thumbnail":0},"_links":{"self":[{"href":"https:\/\/paroissesaintlaumer.com\/index.php\/wp-json\/wp\/v2\/pages\/46"}],"collection":[{"href":"https:\/\/paroissesaintlaumer.com\/index.php\/wp-json\/wp\/v2\/pages"}],"about":[{"href":"https:\/\/paroissesaintlaumer.com\/index.php\/wp-json\/wp\/v2\/types\/page"}],"author":[{"embeddable":true,"href":"https:\/\/paroissesaintlaumer.com\/index.php\/wp-json\/wp\/v2\/users\/1"}],"replies":[{"embeddable":true,"href":"https:\/\/paroissesaintlaumer.com\/index.php\/wp-json\/wp\/v2\/comments?post=46"}],"version-history":[{"count":22,"href":"https:\/\/paroissesaintlaumer.com\/index.php\/wp-json\/wp\/v2\/pages\/46\/revisions"}],"predecessor-version":[{"id":3848,"href":"https:\/\/paroissesaintlaumer.com\/index.php\/wp-json\/wp\/v2\/pages\/46\/revisions\/3848"}],"wp:featuredmedia":[{"embeddable":true,"href":"https:\/\/paroissesaintlaumer.com\/index.php\/wp-json\/wp\/v2\/media\/2724"}],"wp:attachment":[{"href":"https:\/\/paroissesaintlaumer.com\/index.php\/wp-json\/wp\/v2\/media?parent=46"}],"curies":[{"name":"wp","href":"https:\/\/api.w.org\/{rel}","templated":true}]}}