{"id":4607,"date":"2024-06-16T17:01:00","date_gmt":"2024-06-16T15:01:00","guid":{"rendered":"https:\/\/paroissesaintlaumer.com\/?page_id=4607"},"modified":"2024-06-16T17:03:42","modified_gmt":"2024-06-16T15:03:42","slug":"presentation-de-saint-laumer-saint-patron-de-notre-paroisse","status":"publish","type":"page","link":"https:\/\/paroissesaintlaumer.com\/index.php\/presentation-de-saint-laumer-saint-patron-de-notre-paroisse\/","title":{"rendered":"Pr\u00e9sentation de Saint Laumer, Saint Patron de notre paroisse"},"content":{"rendered":"\n<h2>La paroisse Saint Laumer du Perche<\/h2>\n\n\n\n<div class=\"wp-block-columns\">\n<div class=\"wp-block-column\">\n<figure class=\"wp-block-image size-large\"><img loading=\"lazy\" width=\"339\" height=\"559\" src=\"https:\/\/paroissesaintlaumer.com\/wp-content\/uploads\/2023\/10\/eglise_lfv.png\" alt=\"\" class=\"wp-image-4227\" srcset=\"https:\/\/paroissesaintlaumer.com\/wp-content\/uploads\/2023\/10\/eglise_lfv.png 339w, https:\/\/paroissesaintlaumer.com\/wp-content\/uploads\/2023\/10\/eglise_lfv-182x300.png 182w\" sizes=\"(max-width: 339px) 100vw, 339px\" \/><\/figure>\n<\/div>\n\n\n\n<div class=\"wp-block-column\">\n<figure class=\"wp-block-image size-large\"><img loading=\"lazy\" width=\"338\" height=\"559\" src=\"https:\/\/paroissesaintlaumer.com\/wp-content\/uploads\/2023\/10\/eglise_senonches.png\" alt=\"\" class=\"wp-image-4228\" srcset=\"https:\/\/paroissesaintlaumer.com\/wp-content\/uploads\/2023\/10\/eglise_senonches.png 338w, https:\/\/paroissesaintlaumer.com\/wp-content\/uploads\/2023\/10\/eglise_senonches-181x300.png 181w\" sizes=\"(max-width: 338px) 100vw, 338px\" \/><\/figure>\n<\/div>\n\n\n\n<div class=\"wp-block-column\">\n<figure class=\"wp-block-image size-large\"><img loading=\"lazy\" width=\"340\" height=\"559\" src=\"https:\/\/paroissesaintlaumer.com\/wp-content\/uploads\/2023\/10\/eglise_laloupe.png\" alt=\"\" class=\"wp-image-4229\" srcset=\"https:\/\/paroissesaintlaumer.com\/wp-content\/uploads\/2023\/10\/eglise_laloupe.png 340w, https:\/\/paroissesaintlaumer.com\/wp-content\/uploads\/2023\/10\/eglise_laloupe-182x300.png 182w\" sizes=\"(max-width: 340px) 100vw, 340px\" \/><\/figure>\n\n\n\n<p><\/p>\n<\/div>\n<\/div>\n\n\n\n<p>Le 1er Mars 2007, les trois paroisses de la Loupe, Senonches et la Fert\u00e9-Vidame furent r\u00e9unies en une seule paroisse sous le vocable :<\/p>\n\n\n\n<figure class=\"wp-block-pullquote\"><blockquote><p>Paroisse Saint Laumer du Perche<\/p><\/blockquote><\/figure>\n\n\n\n<!--more-->\n\n\n\n<p>Elle se situe au sein du Dioc\u00e8se de Chartres dans le Doyenn\u00e9 des For\u00eats :<\/p>\n\n\n\n<figure class=\"wp-block-image size-large\"><img loading=\"lazy\" width=\"704\" height=\"947\" src=\"https:\/\/paroissesaintlaumer.com\/wp-content\/uploads\/2023\/10\/image.png\" alt=\"\" class=\"wp-image-4230\" srcset=\"https:\/\/paroissesaintlaumer.com\/wp-content\/uploads\/2023\/10\/image.png 704w, https:\/\/paroissesaintlaumer.com\/wp-content\/uploads\/2023\/10\/image-223x300.png 223w\" sizes=\"(max-width: 704px) 100vw, 704px\" \/><\/figure>\n\n\n\n<p>Le Doyenn\u00e9 des for\u00eats: <\/p>\n\n\n\n<div class=\"wp-block-image\"><figure class=\"aligncenter size-large\"><img loading=\"lazy\" width=\"373\" height=\"487\" src=\"https:\/\/paroissesaintlaumer.com\/wp-content\/uploads\/2023\/10\/image-1.png\" alt=\"\" class=\"wp-image-4231\" srcset=\"https:\/\/paroissesaintlaumer.com\/wp-content\/uploads\/2023\/10\/image-1.png 373w, https:\/\/paroissesaintlaumer.com\/wp-content\/uploads\/2023\/10\/image-1-230x300.png 230w\" sizes=\"(max-width: 373px) 100vw, 373px\" \/><\/figure><\/div>\n\n\n\n<h2>Les communes de notre paroisse<\/h2>\n\n\n\n<div class=\"wp-block-columns\">\n<div class=\"wp-block-column\">\n<p>Ardelles<br>Belhomert-Gu\u00e9houville<br>Boissy-l\u00e8s-Perche<br>Champrond-en-G\u00e2tine<br>Digny<br>Fontaine-Simon<br>Jaudrais<br>La Chapelle-Fortin<br>La Fert\u00e9-Vidame<br>La Framboisi\u00e8re<\/p>\n<\/div>\n\n\n\n<div class=\"wp-block-column\">\n<p>La Loupe<br>La Puisaye<br>La Saucelle<br>Lamblore<br>Le Mesnil-Thomas<br>Les Ressuintes<br>Louvilliers-l\u00e8s-Perche<br>Manou<br>Meauc\u00e9<br>Mesnil-Thomas<br>Montireau<\/p>\n<\/div>\n\n\n\n<div class=\"wp-block-column\">\n<p>Montlandon<br>Morvilliers<br>Rohaire<br>Saint-Eliph<br>Saint-Maurice Saint-Germain<br>Saint-Victor-de-Buthon<br>Senonches (Tardais La Ville-aux-Nonains )<br>Vaupillon<\/p>\n<\/div>\n<\/div>\n\n\n\n<p>Ce qui para\u00eet remarquable et ce qui a inspir\u00e9 ses choix c&#8217;est que le souvenir de Saint Laumer est grav\u00e9 sur notre territoire dans notre partie du Perche par des villages qui portent le nom : Belhomert, Pas Saint L&#8217;Homer, Moutier Saint Laumer devenu Moutiers au Perche, et des fontaines qui lui sont d\u00e9di\u00e9es \u00e0 Fontaine Simon et \u00e0 la Madeleine Bouvet.<\/p>\n\n\n\n<p>C&#8217;est donc en tant que diffuseur de la foi chr\u00e9tienne dans notre zone du Perche qui a \u00e9t\u00e9 choisi comme patron de notre nouvelle paroisse. Il avait renonc\u00e9 \u00e0 des responsabilit\u00e9s au service de l&#8217;\u00e9glise de Chartres (membre du chapitre \u00e9conome), pour vivre dans l&#8217;aust\u00e9rit\u00e9 dans notre r\u00e9gion. On le repr\u00e9sente souvent comme un guerrier pour signifier sa lutte contre les croyances pa\u00efennes.<\/p>\n\n\n\n<h2>Qui est Saint Laumer ?<\/h2>\n\n\n\n<div class=\"wp-block-image\"><figure class=\"aligncenter size-large\"><img loading=\"lazy\" width=\"195\" height=\"258\" src=\"https:\/\/paroissesaintlaumer.com\/wp-content\/uploads\/2017\/05\/st_laumer_tete.jpg\" alt=\"\" class=\"wp-image-18\"\/><\/figure><\/div>\n\n\n\n<p>Saint Laumer est n\u00e9 en 516 \u00e0 Neuville la Mare (pr\u00e8s de Ch\u00e2teauneuf-en-Thymerais), actuel Tremblay le Vicomte.<\/p>\n\n\n\n<p>Il est issu d\u2019une famille modeste. Ces parents \u00e9taient des agriculteurs et des \u00e9leveurs. Il fut confi\u00e9 \u00e0 Laumer enfant, la garde du b\u00e9tail car les parents n\u2019avaient pas les moyens d\u2019avoir des domestiques \u00e0 leur service.<\/p>\n\n\n\n<p>Il se fait tout de suite remarqu\u00e9 par ses qualit\u00e9s et ses vertus malgr\u00e9 son jeune \u00e2ge.<\/p>\n\n\n\n<figure class=\"wp-block-image size-large\"><img loading=\"lazy\" width=\"1024\" height=\"567\" src=\"https:\/\/paroissesaintlaumer.com\/wp-content\/uploads\/2023\/10\/image-2-1024x567.png\" alt=\"\" class=\"wp-image-4232\" srcset=\"https:\/\/paroissesaintlaumer.com\/wp-content\/uploads\/2023\/10\/image-2-1024x567.png 1024w, https:\/\/paroissesaintlaumer.com\/wp-content\/uploads\/2023\/10\/image-2-300x166.png 300w, https:\/\/paroissesaintlaumer.com\/wp-content\/uploads\/2023\/10\/image-2-768x425.png 768w, https:\/\/paroissesaintlaumer.com\/wp-content\/uploads\/2023\/10\/image-2-1536x850.png 1536w, https:\/\/paroissesaintlaumer.com\/wp-content\/uploads\/2023\/10\/image-2.png 2032w\" sizes=\"(max-width: 1024px) 100vw, 1024px\" \/><\/figure>\n\n\n\n<p>D\u2019une sobri\u00e9t\u00e9 rare \u00e0 cet \u00e2ge, il ne mangeait qu\u2019une seule fois par jour, et se privait m\u00eame du strict n\u00e9cessaire pour distribuer les restes de sa petite portion quotidienne soit \u00e0 de pauvres passants, soit \u00e0 des camarades dans le besoin.<\/p>\n\n\n\n<p>Ses parents d\u00e9cid\u00e8rent de lui donner une \u00e9ducation plus convenable. Suite \u00e0 cette d\u00e9cision, Laumer partit \u00e0 Chartres o\u00f9 il fut confi\u00e9 \u00e0 un pr\u00eatre nomm\u00e9 Ch\u00e9rimir, qui lui enseigna les bases fondamentales, la connaissance des lettres et la r\u00e8gle de la saintet\u00e9.<\/p>\n\n\n\n<p>A peine sorti de l\u2019adolescence, il se retira dans l\u2019Abbaye de Micy Saint Mesmin pr\u00e8s d\u2019Orl\u00e9ans, une Abbaye fond\u00e9e par le roi Clovis, habit\u00e9e par une colonie de moines solitaires. En ce monast\u00e8re, on y trouvait Saint-Mesmin, Saint Avy, Saint Lubin, depuis Ev\u00eaque de Chartres, Saint Calais et Saint Liphard.<\/p>\n\n\n\n<p>L\u2019\u00e9v\u00eaque de Chartres, d\u00e9sireux de conserver aupr\u00e8s de lui, un homme d\u2019un pareil m\u00e9rite l\u2019ordonna pr\u00eatre et le nomma \u00e0 de hautes responsabilit\u00e9s \u00e9conomiques (\u00e9conome du chapitre).<\/p>\n\n\n\n<p>Le nouveau titulaire s\u2019acquitta fid\u00e8lement de sa fonction.<\/p>\n\n\n\n<h2>Exil au bord de l&#8217;Eure<\/h2>\n\n\n\n<p>Laumer aspire \u00e0 une autre vie et revint \u00e0 sa premi\u00e8re id\u00e9e, il d\u00e9cida de se faire ermite pour \u00e9vang\u00e9liser les campagnes et mettre en application ce qu\u2019il avait appris \u00e0 l\u2019Abbaye de Micy.<\/p>\n\n\n\n<p class=\"has-black-color has-text-color\">Nous sommes en 558: Une nuit donc que ses confr\u00e8res dormaient profond\u00e9ment, il se l\u00e8ve sans rien dire \u00e0 personne, s\u2019\u00e9loigne de Chartres, et p\u00e9n\u00e8tre dans la grande for\u00eat du Perche la \u00ab&nbsp;<strong>Silva Pertica<\/strong>&nbsp;\u00bb, l\u2019une des plus \u00e9tendues de la Gaule, cette for\u00eat \u00e0 laquelle il r\u00eavait depuis longtemps.<\/p>\n\n\n\n<figure class=\"wp-block-image size-large\"><img loading=\"lazy\" width=\"1024\" height=\"576\" src=\"https:\/\/paroissesaintlaumer.com\/wp-content\/uploads\/2023\/10\/image-3-1024x576.png\" alt=\"\" class=\"wp-image-4233\" srcset=\"https:\/\/paroissesaintlaumer.com\/wp-content\/uploads\/2023\/10\/image-3-1024x576.png 1024w, https:\/\/paroissesaintlaumer.com\/wp-content\/uploads\/2023\/10\/image-3-300x169.png 300w, https:\/\/paroissesaintlaumer.com\/wp-content\/uploads\/2023\/10\/image-3-768x432.png 768w, https:\/\/paroissesaintlaumer.com\/wp-content\/uploads\/2023\/10\/image-3-1536x864.png 1536w, https:\/\/paroissesaintlaumer.com\/wp-content\/uploads\/2023\/10\/image-3.png 2000w\" sizes=\"(max-width: 1024px) 100vw, 1024px\" \/><\/figure>\n\n\n\n<p>Le savoir-faire pour cultiver la terre et gu\u00e9rir les malades lui vaut une grande renomm\u00e9e, et on lui attribue beaucoup de miracles. On raconte par ici qu\u2019il aurait gu\u00e9rit une personne de la paralysie, on raconte par l\u00e0 qu\u2019il avait le don d\u2019\u00e9loigner les b\u00eates sauvages.<\/p>\n\n\n\n<h2>Fondation du Prieur\u00e9 de Bellomer<\/h2>\n\n\n\n<p>Ce monast\u00e8re est devenu dans la suite des temps, une maison de religieuses de l\u2019ordre de Fontevrault, appel\u00e9e du nom du saint, Bellomer qui signifie \u00ab&nbsp;bienheureux Laumer&nbsp;\u00bb (Launomarus Bellus). Son s\u00e9jour est comm\u00e9mor\u00e9 dans l\u2019Eglise Saint-Jean par un vitrail situ\u00e9 dans le ch\u0153ur c\u00f4t\u00e9 gauche. Il ne reste plus rien de l\u2019ermitage de Saint-Laumer, les normands sont pass\u00e9s par l\u00e0 et ils ont tout d\u00e9truit.<\/p>\n\n\n\n<figure class=\"wp-block-image size-large\"><img loading=\"lazy\" width=\"683\" height=\"1024\" src=\"https:\/\/paroissesaintlaumer.com\/wp-content\/uploads\/2023\/10\/image-4-683x1024.png\" alt=\"\" class=\"wp-image-4234\" srcset=\"https:\/\/paroissesaintlaumer.com\/wp-content\/uploads\/2023\/10\/image-4-683x1024.png 683w, https:\/\/paroissesaintlaumer.com\/wp-content\/uploads\/2023\/10\/image-4-200x300.png 200w, https:\/\/paroissesaintlaumer.com\/wp-content\/uploads\/2023\/10\/image-4.png 735w\" sizes=\"(max-width: 683px) 100vw, 683px\" \/><\/figure>\n\n\n\n<h2>Le Pas Saint Laumer<\/h2>\n\n\n\n<p>Selon la l\u00e9gende, l\u2019\u00e9glise de la commune aurait \u00e9t\u00e9 construite autour d\u2019une pierre qui aurait gard\u00e9 la trace du pas de Saint-Laumer. L\u2019empreinte est toujours visible dans la sacristie. Les vitraux du XIX\u00e8me si\u00e8cle racontent l\u2019histoire.<\/p>\n\n\n\n<h2>Sa mort<\/h2>\n\n\n\n<p>Rappel\u00e9 \u00e0 Chartres, Saint-Laumer meurt le 19 janvier 593 et est enterr\u00e9 \u00e0 c\u00f4t\u00e9 du moine Saint-Lubin. Mais ses moines fid\u00e8les viennent enlever secr\u00e8tement le corps de leur saint Abb\u00e9 pour le ramener au monast\u00e8re.<\/p>\n\n\n\n<figure class=\"wp-block-image size-large\"><img loading=\"lazy\" width=\"770\" height=\"1024\" src=\"https:\/\/paroissesaintlaumer.com\/wp-content\/uploads\/2023\/10\/image-5-770x1024.png\" alt=\"\" class=\"wp-image-4235\" srcset=\"https:\/\/paroissesaintlaumer.com\/wp-content\/uploads\/2023\/10\/image-5-770x1024.png 770w, https:\/\/paroissesaintlaumer.com\/wp-content\/uploads\/2023\/10\/image-5-226x300.png 226w, https:\/\/paroissesaintlaumer.com\/wp-content\/uploads\/2023\/10\/image-5-768x1021.png 768w, https:\/\/paroissesaintlaumer.com\/wp-content\/uploads\/2023\/10\/image-5.png 846w\" sizes=\"(max-width: 770px) 100vw, 770px\" \/><\/figure>\n\n\n\n<p>Pr\u00e8s de trois si\u00e8cles plus tard, en 873, le monast\u00e8re sera enti\u00e8rement d\u00e9truit par les invasions normandes, Les moines s\u2019enfuient et se r\u00e9fugient \u00e0 Blois, emmenant avec eux le corps et les reliques de saint-Laumer.<\/p>\n\n\n\n<figure class=\"wp-block-image size-large\"><img loading=\"lazy\" width=\"512\" height=\"1024\" src=\"https:\/\/paroissesaintlaumer.com\/wp-content\/uploads\/2023\/10\/image-6-512x1024.png\" alt=\"\" class=\"wp-image-4236\" srcset=\"https:\/\/paroissesaintlaumer.com\/wp-content\/uploads\/2023\/10\/image-6-512x1024.png 512w, https:\/\/paroissesaintlaumer.com\/wp-content\/uploads\/2023\/10\/image-6-150x300.png 150w, https:\/\/paroissesaintlaumer.com\/wp-content\/uploads\/2023\/10\/image-6.png 533w\" sizes=\"(max-width: 512px) 100vw, 512px\" \/><\/figure>\n\n\n\n<p>Les moines de&nbsp;Saint-Laumer se voient octroyer \u00e0&nbsp;Blois&nbsp; un terrain hors des murs de la ville. Ce n\u2019est cependant qu\u2019au&nbsp;XIIIe&nbsp;si\u00e8cle que l\u2019abbaye&nbsp;b\u00e9n\u00e9dictine&nbsp;de Saint-Laumer est \u00e9difi\u00e9e sur le terrain qu\u2019ils occupaient. Au&nbsp;XIVe&nbsp;si\u00e8cle, l\u2019abbaye est fortifi\u00e9e pour \u00e9chapper aux ravages de la&nbsp;guerre de Cent Ans.<\/p>\n\n\n\n<h2>Le culte de Saint Laumer<\/h2>\n\n\n\n<ul><li>Saint&nbsp;Lh\u00f4mer&nbsp;<\/li><li>ou Saint Laumer<\/li><li>ou Saint Lomer<\/li><li><em>(en latin Launomarus ou Laudomarus)<\/em><\/li><\/ul>\n\n\n\n<p>est f\u00eat\u00e9 le 19 janvier, jour o\u00f9 il rendit l\u2019\u00e2me.<\/p>\n\n\n\n<p><strong><em>Un grand merci \u00e0 M. Christian Boisseau pour cette pr\u00e9sentation.<\/em><\/strong><\/p>\n","protected":false},"excerpt":{"rendered":"<p>La paroisse Saint Laumer du Perche Le 1er Mars 2007, les trois paroisses de la Loupe, Senonches et la Fert\u00e9-Vidame furent r\u00e9unies en une seule paroisse sous le vocable :&hellip; <\/p>\n","protected":false},"author":1,"featured_media":4237,"parent":0,"menu_order":0,"comment_status":"closed","ping_status":"closed","template":"","meta":{"ngg_post_thumbnail":0},"_links":{"self":[{"href":"https:\/\/paroissesaintlaumer.com\/index.php\/wp-json\/wp\/v2\/pages\/4607"}],"collection":[{"href":"https:\/\/paroissesaintlaumer.com\/index.php\/wp-json\/wp\/v2\/pages"}],"about":[{"href":"https:\/\/paroissesaintlaumer.com\/index.php\/wp-json\/wp\/v2\/types\/page"}],"author":[{"embeddable":true,"href":"https:\/\/paroissesaintlaumer.com\/index.php\/wp-json\/wp\/v2\/users\/1"}],"replies":[{"embeddable":true,"href":"https:\/\/paroissesaintlaumer.com\/index.php\/wp-json\/wp\/v2\/comments?post=4607"}],"version-history":[{"count":1,"href":"https:\/\/paroissesaintlaumer.com\/index.php\/wp-json\/wp\/v2\/pages\/4607\/revisions"}],"predecessor-version":[{"id":4608,"href":"https:\/\/paroissesaintlaumer.com\/index.php\/wp-json\/wp\/v2\/pages\/4607\/revisions\/4608"}],"wp:featuredmedia":[{"embeddable":true,"href":"https:\/\/paroissesaintlaumer.com\/index.php\/wp-json\/wp\/v2\/media\/4237"}],"wp:attachment":[{"href":"https:\/\/paroissesaintlaumer.com\/index.php\/wp-json\/wp\/v2\/media?parent=4607"}],"curies":[{"name":"wp","href":"https:\/\/api.w.org\/{rel}","templated":true}]}}