{"id":56,"date":"2017-11-08T13:29:34","date_gmt":"2017-11-08T12:29:34","guid":{"rendered":"http:\/\/paroissesaintlaumer.com\/?page_id=56"},"modified":"2023-06-27T21:29:02","modified_gmt":"2023-06-27T19:29:02","slug":"secours-catholique","status":"publish","type":"page","link":"https:\/\/paroissesaintlaumer.com\/index.php\/secours-catholique\/","title":{"rendered":"Secours catholique"},"content":{"rendered":"\n<h2>Contact pour notre secteur<\/h2>\n\n\n\n<ul><li>T\u00e9l\u00e9phone : <strong>06 42 32 81 15<\/strong> (*)<\/li><li>Adresse : <strong>5 rue du ch\u00e2teau \u00e0 Senonches<\/strong><\/li><\/ul>\n\n\n\n<p><strong>(*)<\/strong> : Ce num\u00e9ro n&#8217;est pas un num\u00e9ro personnel, mais celui de l&#8217;\u00e9quipe. C&#8217;est le responsable qui r\u00e9ceptionne, \u00e9coute, r\u00e9pond et rappelle selon les demandes.<\/p>\n\n\n\n<p>Ouverture r\u00e9guli\u00e8re de la boutique solidaire et de l&#8217;accueil social, chaque mardi de 14h \u00e0 17h (de P\u00e2ques \u00e0 Toussaint) et de 14h \u00e0 16h (de Toussaint \u00e0 P\u00e2ques). L&#8217;annexe (second lieu de d\u00e9p\u00f4t petit mobilier, vaisselle et brocante) rue des marronniers et la boutique (v\u00eatements, linge, pu\u00e9riculture) ouvrent de 10h \u00e0 16h, une fois par mois le samedi (calendrier affich\u00e9 d&#8217;avance).<\/p>\n\n\n\n<p>Pour cette p\u00e9riode, la boutique sera ouverte encore le 27 juin, le 4 juillet et le 11 juillet. Fermeture estivale de mi-juillet \u00e0 fin ao\u00fbt.&nbsp;<strong>R\u00e9ouverture le mardi 5 septembre<\/strong>. Pendant la p\u00e9riode d&#8217;\u00e9t\u00e9,&nbsp; les services sociaux peuvent interpeller Le Secours Catholique (notre \u00e9quipe, par t\u00e9l\u00e9phone ou mail) pour des situations d&#8217;urgence.<\/p>\n\n\n\n<h2>Responsables de l&#8217;\u00e9quipe des b\u00e9n\u00e9voles<\/h2>\n\n\n\n<ul><li>Depuis le 1er janvier 2023 : <strong>Jean-Baptiste Faugeras<\/strong><\/li><li>De novembre 2017 \u00e0 septembre 2022 :  <strong>Genevi\u00e8ve Vandromme<\/strong><\/li><li>Jusqu&#8217;en octobre 2017 : <strong>Claudine Bizeau<\/strong><\/li><\/ul>\n\n\n\n<h2>D\u00e9l\u00e9gation d&#8217;Eure &amp; Loir<\/h2>\n\n\n\n<p>22, avenue d\u2019Aligre<br>BP 50207<br>28004 Chartres cedex<br>t\u00e9l. : 02 37 21 66 33<br>courriel : <a>eureetloir@secours-catholique.org<\/a><\/p>\n\n\n\n<h2>Agir avec les plus fragiles<\/h2>\n\n\n<h1 id=\"ndtitre\" class=\"actu_title\">AGIR AVEC LES PLUS FRAGILES<\/h1>\n<div class=\"actu_section actu_section_1 nextpourpad\">\n<p><span class=\"ckechapeau\">Au Secours Catholique-Caritas France, plus de 67<\/span>&nbsp;<span class=\"ckechapeau\">000 b\u00e9n\u00e9voles et pr\u00e8s de 1<\/span>&nbsp;<span class=\"ckechapeau\">000 salari\u00e9s agissent contre la pauvret\u00e9 et en faveur de la solidarit\u00e9, en France et dans le monde.<\/span><\/p>\n<div class=\"actu_corplibre\">\n<div class=\"actu_corplibre_inner\">\n<p>En tant que service de l&#8217;\u00c9glise catholique qui a pour mission de soutenir les plus fragiles, l&#8217;association \u2013&nbsp;cr\u00e9\u00e9e en 1946 \u2013 se mobilise sur le territoire hexagonal et outre-mer et apporte son soutien dans&nbsp;<strong>plus de 70<\/strong>&nbsp;<strong>pays et territoires<\/strong>&nbsp;en lien avec le r\u00e9seau mondial Caritas Internationalis.<\/p>\n<p>Le Secours Catholique s\u2019attaque \u00e0 toutes les causes de&nbsp;<strong>pauvret\u00e9, d\u2019in\u00e9galit\u00e9s et d\u2019exclusion.<\/strong>&nbsp;L&#8217;association interpelle l\u2019opinion et les pouvoirs publics et propose des solutions dans la dur\u00e9e. Elle place au c\u0153ur de son action&nbsp;la participation des personnes accompagn\u00e9es et le renforcement de la capacit\u00e9 de tous \u00e0 agir ensemble.<\/p>\n<blockquote>\n<p><em>Le Secours Catholique prend en compte la spiritualit\u00e9 de chacun et invite \u00e0 aller \u00e0 la rencontre des plus fragiles pour construire avec eux une soci\u00e9t\u00e9 juste et fraternelle.<\/em><\/p>\n<\/blockquote>\n<\/div>\n<\/div>\n<\/div>\n<div>\n<h2 class=\"actu_titlibre\">CONSTRUIRE ENSEMBLE UNE SOCI\u00c9T\u00c9 DE PARTAGE<\/h2>\n<div class=\"actu_corplibre\">\n<div class=\"actu_corplibre_inner\">\n<p><strong>Le Secours Catholique-Caritas France \u0153uvre pour que chacun ait une place dans la soci\u00e9t\u00e9.<\/strong>&nbsp;L&#8217;association agit avec les personnes en situation de pr\u00e9carit\u00e9 pour que leur valeur et leur dignit\u00e9 soient enfin reconnues par tous.<\/p>\n<p>Au sein des groupes de l&#8217;association, la parole, la participation et la prise de responsabilit\u00e9 de tous est encourag\u00e9e. Le Secours Catholique entend ainsi favoriser l&#8217;autonomie dans l&#8217;action, et permettre \u00e0 chacun de proposer des solutions aux difficult\u00e9s rencontr\u00e9es et de mettre en \u0153uvre les initiatives pour y r\u00e9pondre. L&#8217;association souhaite \u00e9galement am\u00e9liorer les conditions de vie de tous en rendant les personnes<strong>&nbsp;actrices de leur quotidien et de leur devenir<\/strong>. Enfin, le Secours Catholique encourage l&#8217;entraide, la mise en r\u00e9seau et le partage d&#8217;exp\u00e9riences entre habitants d&#8217;un m\u00eame territoire.<\/p>\n<blockquote>\n<p><em>B\u00e2tir une soci\u00e9t\u00e9 de fr\u00e8res ne saurait rester \u00e0 l&#8217;\u00e9tat de programme. Chacun, l\u00e0 o\u00f9 il est, y a sa part de responsabilit\u00e9. Chacun y a sa place.<\/em><\/p>\n<\/blockquote>\n<p><em>Mgr Rodhain<\/em><\/p>\n<p>Cette soci\u00e9t\u00e9 de partage, c&#8217;est aussi celle d&#8217;une&nbsp;<strong>\u00e9conomie sociale et solidaire,<\/strong>&nbsp;\u00e0 laquelle le Secours Catholique contribue \u00e0 travers notamment ses boutiques solidaires. Cette \u00e9conomie au service de l&#8217;homme inclut les personnes en situation de pr\u00e9carit\u00e9,<strong>&nbsp;leur donne les moyens d&#8217;agir et d&#8217;entreprendre<\/strong>&nbsp;et repose sur le don, l\u2019\u00e9change et l&#8217;entraide mutuelle.<\/p>\n<p>Cet engagement \u00e0 construire ensemble se traduit \u00e9galement par la participation au projet du Secours Catholique d\u2019une grande diversit\u00e9 d\u2019acteurs (associations, travailleurs sociaux, pouvoirs publics, collectivit\u00e9s, entreprises d\u2019utilit\u00e9 sociale\u2026) et de partenaires.<\/p>\n<\/div>\n<\/div>\n<\/div>\n<div>\n<h2 class=\"actu_titlibre\">\u00c9VEILLER \u00c0 LA SOLIDARIT\u00c9 ET \u00c0 LA FRATERNIT\u00c9<\/h2>\n<div class=\"actu_corplibre\">\n<div class=\"actu_corplibre_inner\">\n<p>Fond\u00e9 sur l\u2019\u00c9vangile avec pour socle d&#8217;action la doctrine sociale de l\u2019\u00c9glise&nbsp;et riche de la diversite\u0301 des parcours de vie et des convictions religieuses et philosophiques de chacun, le Secours Catholique-Caritas France appelle toute personne \u00e0 s\u2019engager pour vivre la rencontre et l\u2019entraide.<\/p>\n<p>Par l\u2019exp\u00e9rience d\u2019un premier engagement,&nbsp;<strong>chacun prend conscience de la n\u00e9cessit\u00e9 d\u2019aider l\u2019autre et d\u2019agir avec lui, dans un esprit de solidarit\u00e9<\/strong>.<\/p>\n<blockquote>\n<p><em>La solidarit\u00e9 avec les pauvres est la base m\u00eame des \u00c9vangiles.<\/em><\/p>\n<\/blockquote>\n<p><em>Pape Fran\u00e7ois<\/em><\/p>\n<p>Le Secours Catholique consid\u00e8re que l\u2019humanit\u00e9 est une seule et m\u00eame famille.<\/p>\n<p>L&#8217;association encourage \u00e0 vivre la fraternit\u00e9. Elle consid\u00e8re que la rencontre et les liens familiaux et sociaux sont un besoin essentiel et vital \u00e0 toute personne et permettent \u00e0 la soci\u00e9t\u00e9, dans sa diversit\u00e9, de vivre&nbsp;<strong>plus unie et solidaire<\/strong>.<\/p>\n<p>Le Secours Catholique prend en compte la spiritualit\u00e9 de chacun, gage d\u2019un d\u00e9veloppement pleinement humain et d\u2019\u00e9panouissement. L&#8217;association favorise le d\u00e9veloppement de temps de rencontre o\u00f9 les \u00e9changes fraternels, les partages bibliques et les talents r\u00e9v\u00e9l\u00e9s redonnent&nbsp;<strong>confiance en soi et envie de vivre<\/strong>.<\/p>\n<\/div>\n<\/div>\n<\/div>\n<p>&nbsp;<\/p>\n<p><em>source : site national du secours catholique :&nbsp;<a href=\"https:\/\/www.secours-catholique.org\" target=\"_blank\" rel=\"noopener noreferrer\">secours-catholique.org<\/a><\/em><\/p>","protected":false},"excerpt":{"rendered":"<p>Contact pour notre secteur T\u00e9l\u00e9phone : 06 42 32 81 15 (*) Adresse : 5 rue du ch\u00e2teau \u00e0 Senonches (*) : Ce num\u00e9ro n&#8217;est pas un num\u00e9ro personnel, mais&hellip; <\/p>\n","protected":false},"author":1,"featured_media":0,"parent":0,"menu_order":0,"comment_status":"closed","ping_status":"closed","template":"","meta":{"ngg_post_thumbnail":0},"_links":{"self":[{"href":"https:\/\/paroissesaintlaumer.com\/index.php\/wp-json\/wp\/v2\/pages\/56"}],"collection":[{"href":"https:\/\/paroissesaintlaumer.com\/index.php\/wp-json\/wp\/v2\/pages"}],"about":[{"href":"https:\/\/paroissesaintlaumer.com\/index.php\/wp-json\/wp\/v2\/types\/page"}],"author":[{"embeddable":true,"href":"https:\/\/paroissesaintlaumer.com\/index.php\/wp-json\/wp\/v2\/users\/1"}],"replies":[{"embeddable":true,"href":"https:\/\/paroissesaintlaumer.com\/index.php\/wp-json\/wp\/v2\/comments?post=56"}],"version-history":[{"count":9,"href":"https:\/\/paroissesaintlaumer.com\/index.php\/wp-json\/wp\/v2\/pages\/56\/revisions"}],"predecessor-version":[{"id":3997,"href":"https:\/\/paroissesaintlaumer.com\/index.php\/wp-json\/wp\/v2\/pages\/56\/revisions\/3997"}],"wp:attachment":[{"href":"https:\/\/paroissesaintlaumer.com\/index.php\/wp-json\/wp\/v2\/media?parent=56"}],"curies":[{"name":"wp","href":"https:\/\/api.w.org\/{rel}","templated":true}]}}