{"id":64,"date":"2017-11-08T13:31:21","date_gmt":"2017-11-08T12:31:21","guid":{"rendered":"http:\/\/paroissesaintlaumer.com\/?page_id=64"},"modified":"2023-09-08T16:20:45","modified_gmt":"2023-09-08T14:20:45","slug":"mariage-2","status":"publish","type":"page","link":"https:\/\/paroissesaintlaumer.com\/index.php\/mariage-2\/","title":{"rendered":"Mariage"},"content":{"rendered":"<p>Pr\u00e9paration spirituelle et pr\u00e9paration liturgique.<\/p>\n<p><!--more--><\/p>\n<p><strong>Vous souhaitez vous marier \u00e0 l\u2019\u00e9glise sur la paroisse saint Laumer ; N&#8217;h\u00e9sitez pas \u00e0 prendre contact avec le cur\u00e9 (curesaintlaumerperche@gmail.com) et demandez les informations n\u00e9cessaires.<\/strong><\/p>\n<div class=\"entry-content\">\n<p><img loading=\"lazy\" class=\"wp-image-438630 alignleft\" src=\"http:\/\/www.eglise.catholique.fr\/wp-content\/uploads\/sites\/2\/2014\/05\/Pourquoi-se-marier-a%CC%80-le%CC%81glise.png\" sizes=\"(max-width: 280px) 100vw, 280px\" srcset=\"http:\/\/www.eglise.catholique.fr\/wp-content\/uploads\/sites\/2\/2014\/05\/Pourquoi-se-marier-a\u0300-le\u0301glise-300x180.png 300w, http:\/\/www.eglise.catholique.fr\/wp-content\/uploads\/sites\/2\/2014\/05\/Pourquoi-se-marier-a\u0300-le\u0301glise.png 1000w\" alt=\"Pourquoi se marier a\u0300 l'e\u0301glise\" width=\"280\" height=\"168\" \/>Beaucoup de couples, chr\u00e9tiens pratiquants ou non, souhaitent se marier \u00e0 l\u2019\u00e9glise. Ils veulent donner une valeur sacr\u00e9e \u00e0 leur amour mutuel et recevoir de Dieu une force pour s\u2019aimer dans le bonheur et dans l\u2019\u00e9preuve. Ils demandent le\u00a0<a class=\"glossary-term\" title=\"Signe visible de la pr\u00e9sence et de l'action de Dieu.\" href=\"http:\/\/www.eglise.catholique.fr\/glossaire\/sacrement\">sacrement<\/a>\u00a0du mariage. Le mariage chr\u00e9tien exprime que l\u2019amour n\u2019est pas seulement l\u2019engagement du couple, mais que c\u2019est un cadeau qu\u2019on re\u00e7oit.<\/p>\n<p class=\"p1\"><span class=\"s1\">L\u2019\u00c9glise se r\u00e9jouit du projet de ceux qui veulent s\u2019aimer pour toute la vie. Elle est l\u00e0 pour les y aider. Fonder une famille est une noble t\u00e2che. Difficile\u2026 mais loin d\u2019\u00eatre impossible si les fondations de la maison reposent sur les piliers suivants :<\/span><\/p>\n<ul>\n<li class=\"li1\"><span class=\"s1\">la libert\u00e9 du consentement<\/span><\/li>\n<li class=\"li1\"><span class=\"s1\">la fid\u00e9lit\u00e9 de l\u2019engagement<\/span><\/li>\n<li class=\"li1\"><span class=\"s1\">l\u2019indissolubilit\u00e9 du lien<\/span><\/li>\n<li class=\"li1\"><span class=\"s1\">la f\u00e9condit\u00e9 de l\u2019amour.<\/span><\/li>\n<\/ul>\n<p class=\"p1\"><span class=\"s1\">Cet amour n\u2019est possible que dans le respect de la libert\u00e9 de chacun, l\u2019accueil et l\u2019\u00e9coute de l\u2019autre. Il est communion d\u2019un homme et d\u2019une femme : le projet est bien de former une communaut\u00e9 de vie et non une fusion passionnelle. Se pr\u00e9parer au mariage, c\u2019est prendre le temps de d\u00e9couvrir l\u2019autre, avec ses d\u00e9sirs propres, son mode de fonctionnement, sa psychologie. C\u2019est accueillir son histoire, sa famille et son \u00e9ducation. C\u2019est apprendre \u00e0 l\u2019\u00e9couter, \u00e0 communiquer avec lui, \u00e0 le respecter.<\/span><\/p>\n<p class=\"p1\"><span class=\"s1\">Cet amour se conjugue avec la fid\u00e9lit\u00e9 de l\u2019engagement. Promesse que les mari\u00e9s se font le jour de leur mariage ! \u00catre fid\u00e8le, c\u2019est cultiver un amour exclusif mais ouvert, qui a la priorit\u00e9 sur toutes les autres r\u00e9alit\u00e9s de notre vie : amis, travail, passions, etc.<\/span><\/p>\n<p class=\"p1\"><strong><span class=\"s1\">Cet amour se r\u00e9alise par le don de sa vie. Un don total, sans r\u00e9serve, d\u00e9finitif, sans condition et exclusif.<\/span><\/strong><\/p>\n<p class=\"p1\"><span class=\"s1\">Le lien est indissoluble. La relation sexuelle traduit dans l\u2019union des corps ce qui se dit dans la promesse qui unit les coeurs : \u00ab Je te re\u00e7ois et je me donne \u00e0 toi, pour t\u2019aimer fid\u00e8lement \u00bb. L\u2019\u00c9glise la consid\u00e8re comme un acte sacr\u00e9, parce qu\u2019elle consacre l\u2019amour humain.<\/span><\/p>\n<p class=\"p1\"><span class=\"s1\">Cet amour invite les \u00e9poux \u00e0 s\u2019aimer et \u00e0 s\u2019ouvrir \u00e0 l\u2019accueil de la vie de fa\u00e7on responsable, avec g\u00e9n\u00e9rosit\u00e9. L\u2019amour se d\u00e9ploie en donnant la vie et la vie trouve son \u00e9panouissement dans l\u2019amour. Aimer et donner la vie, une seule et m\u00eame vocation ! C\u2019est d\u2019ailleurs un test pour v\u00e9rifier si l\u2019on est pr\u00eat \u00e0 se marier : d\u00e9sirons-nous avoir des enfants ensemble et les \u00e9duquer ?<\/span><\/p>\n<\/div>\n<div class=\"bloc-share bloc-share-center\">\u00a0<em>source : site eglise.catholique.fr<\/em><\/div>\n","protected":false},"excerpt":{"rendered":"<p>Pr\u00e9paration spirituelle et pr\u00e9paration liturgique.<\/p>\n","protected":false},"author":1,"featured_media":2068,"parent":0,"menu_order":0,"comment_status":"closed","ping_status":"closed","template":"","meta":{"ngg_post_thumbnail":0},"_links":{"self":[{"href":"https:\/\/paroissesaintlaumer.com\/index.php\/wp-json\/wp\/v2\/pages\/64"}],"collection":[{"href":"https:\/\/paroissesaintlaumer.com\/index.php\/wp-json\/wp\/v2\/pages"}],"about":[{"href":"https:\/\/paroissesaintlaumer.com\/index.php\/wp-json\/wp\/v2\/types\/page"}],"author":[{"embeddable":true,"href":"https:\/\/paroissesaintlaumer.com\/index.php\/wp-json\/wp\/v2\/users\/1"}],"replies":[{"embeddable":true,"href":"https:\/\/paroissesaintlaumer.com\/index.php\/wp-json\/wp\/v2\/comments?post=64"}],"version-history":[{"count":12,"href":"https:\/\/paroissesaintlaumer.com\/index.php\/wp-json\/wp\/v2\/pages\/64\/revisions"}],"predecessor-version":[{"id":4137,"href":"https:\/\/paroissesaintlaumer.com\/index.php\/wp-json\/wp\/v2\/pages\/64\/revisions\/4137"}],"wp:featuredmedia":[{"embeddable":true,"href":"https:\/\/paroissesaintlaumer.com\/index.php\/wp-json\/wp\/v2\/media\/2068"}],"wp:attachment":[{"href":"https:\/\/paroissesaintlaumer.com\/index.php\/wp-json\/wp\/v2\/media?parent=64"}],"curies":[{"name":"wp","href":"https:\/\/api.w.org\/{rel}","templated":true}]}}