{"id":82,"date":"2017-11-08T13:52:35","date_gmt":"2017-11-08T12:52:35","guid":{"rendered":"http:\/\/paroissesaintlaumer.com\/?page_id=82"},"modified":"2023-10-12T12:17:23","modified_gmt":"2023-10-12T10:17:23","slug":"deuil","status":"publish","type":"page","link":"https:\/\/paroissesaintlaumer.com\/index.php\/deuil\/","title":{"rendered":"Obs\u00e8ques"},"content":{"rendered":"<p>Nos \u00e9quipes vous accompagnent dans l&#8217;\u00e9preuve.<\/p>\n<p><!--more--><\/p>\n<h3>Pour pr\u00e9parer l&#8217;office religieux :<\/h3>\n<h2 class=\"tablepress-table-name tablepress-table-name-id-9\"><\/h2>\n\n<table id=\"tablepress-9\" class=\"tablepress tablepress-id-9\">\n<tbody class=\"row-hover\">\n<tr class=\"row-1 odd\">\n\t<td class=\"column-1\">Claude Laye<\/td><td class=\"column-2\">48 les haies neuves - Jaudrais<\/td><td class=\"column-3\">02 37 29 07 83<\/td>\n<\/tr>\n<tr class=\"row-2 even\">\n\t<td class=\"column-1\">Bernard, Claudine Perret<\/td><td class=\"column-2\">La Jalti\u00e8re - Lamblore<\/td><td class=\"column-3\">02 37 37 65 96<\/td>\n<\/tr>\n<tr class=\"row-3 odd\">\n\t<td class=\"column-1\">Bernard Robert<\/td><td class=\"column-2\">Montlandon<\/td><td class=\"column-3\">02 37 49 89 64<\/td>\n<\/tr>\n<\/tbody>\n<\/table>\n<!-- #tablepress-9 from cache -->\n<p>Un d\u00e9c\u00e8s est pour une famille un moment tr\u00e8s difficile de l\u2018existence. La disparition d\u2019un proche est per\u00e7ue comme un d\u00e9chirement, elle laisse d\u00e9sempar\u00e9 et parfois r\u00e9volt\u00e9 devant la mort. On est souvent conduit \u00e0 se poser des questions sur le sens de sa propre vie et sur Dieu.<\/p>\n<h2><strong>Comment faire ?<\/strong><\/h2>\n<h3><strong>La premi\u00e8re d\u00e9marche \u00e0 faire est de contacter une soci\u00e9t\u00e9 de pompes fun\u00e8bres de votre choix ; c\u2019est elle qui \u00e0 votre demande contactera la paroisse du lieu des obs\u00e8ques.<\/strong><\/h3>\n<p><a class=\"fancybox image\" href=\"https:\/\/www.diocese-chartres.com\/wp-content\/uploads\/2015\/11\/jean-rigal-reflexion-sur-la-celebration-des-obseques_article_popin.jpg\"><img loading=\"lazy\" class=\"lazy aligncenter size-medium wp-image-4933 lazy-loaded\" src=\"https:\/\/www.diocese-chartres.com\/wp-content\/uploads\/2015\/11\/jean-rigal-reflexion-sur-la-celebration-des-obseques_article_popin-300x200.jpg\" sizes=\"(max-width: 300px) 100vw, 300px\" srcset=\"https:\/\/www.diocese-chartres.com\/wp-content\/uploads\/2015\/11\/jean-rigal-reflexion-sur-la-celebration-des-obseques_article_popin-300x200.jpg 300w, https:\/\/www.diocese-chartres.com\/wp-content\/uploads\/2015\/11\/jean-rigal-reflexion-sur-la-celebration-des-obseques_article_popin-1024x681.jpg 1024w, https:\/\/www.diocese-chartres.com\/wp-content\/uploads\/2015\/11\/jean-rigal-reflexion-sur-la-celebration-des-obseques_article_popin-150x100.jpg 150w, https:\/\/www.diocese-chartres.com\/wp-content\/uploads\/2015\/11\/jean-rigal-reflexion-sur-la-celebration-des-obseques_article_popin-568x378.jpg 568w, https:\/\/www.diocese-chartres.com\/wp-content\/uploads\/2015\/11\/jean-rigal-reflexion-sur-la-celebration-des-obseques_article_popin.jpg 1027w\" alt=\"Jean-Rigal-reflexion-sur-la-celebration-des-obseques_article_popin\" width=\"300\" height=\"200\" data-lazy-type=\"image\" data-lazy-src=\"https:\/\/www.diocese-chartres.com\/wp-content\/uploads\/2015\/11\/jean-rigal-reflexion-sur-la-celebration-des-obseques_article_popin-300x200.jpg\" data-lazy-srcset=\"https:\/\/www.diocese-chartres.com\/wp-content\/uploads\/2015\/11\/jean-rigal-reflexion-sur-la-celebration-des-obseques_article_popin-300x200.jpg 300w, https:\/\/www.diocese-chartres.com\/wp-content\/uploads\/2015\/11\/jean-rigal-reflexion-sur-la-celebration-des-obseques_article_popin-1024x681.jpg 1024w, https:\/\/www.diocese-chartres.com\/wp-content\/uploads\/2015\/11\/jean-rigal-reflexion-sur-la-celebration-des-obseques_article_popin-150x100.jpg 150w, https:\/\/www.diocese-chartres.com\/wp-content\/uploads\/2015\/11\/jean-rigal-reflexion-sur-la-celebration-des-obseques_article_popin-568x378.jpg 568w, https:\/\/www.diocese-chartres.com\/wp-content\/uploads\/2015\/11\/jean-rigal-reflexion-sur-la-celebration-des-obseques_article_popin.jpg 1027w\" data-lazy-sizes=\"(max-width: 300px) 100vw, 300px\" \/><\/a><\/p>\n<h2>Les familles qui souhaitent une c\u00e9r\u00e9monie religieuse attendent que l\u2019\u00c9glise\u00a0 :<\/h2>\n<p>donne un sens \u00e0 l\u2019\u00e9v\u00e9nement de la mort, qu\u2019elle dise une parole sur le d\u00e9funt, qu\u2019elle pose des gestes qui l\u2019honorent, qu\u2019elle propose une parole d\u2019esp\u00e9rance et qu\u2019elle les accompagne dans leur deuil.<\/p>\n<p>La c\u00e9r\u00e9monie religieuse rappelle, au moment de sa mort, la dignit\u00e9 de chaque homme quoi qu\u2019il se soit pass\u00e9 dans sa vie. Elle est un moment favorable pour r\u00e9fl\u00e9chir au sens de la vie et \u00e0 la destin\u00e9e humaine. Elle est l\u2019occasion du rassemblement de la famille et des amis du d\u00e9funt, parfois de retrouvailles et m\u00eame de r\u00e9conciliation. Elle aide \u00e0 commencer le deuil\u00a0: accepter de perdre la relation pass\u00e9e avec le d\u00e9funt pour entrer dans une nouvelle relation. On ne peut plus le voir ni le toucher, pourtant la foi nous r\u00e9v\u00e8le qu\u2019une relation se poursuit au-del\u00e0 de la mort comme un c\u0153ur \u00e0 c\u0153ur, une pri\u00e8re.<\/p>\n<p>Par la foi, le chr\u00e9tien regarde le Christ comme le premier ressuscit\u00e9. Il sait que depuis son bapt\u00eame, il est associ\u00e9 \u00e0 la mort et \u00e0 la r\u00e9surrection de J\u00e9sus.<\/p>\n<p><em>\u00ab\u00a0Moi, je suis la r\u00e9surrection et la vie. Celui qui croit en moi, m\u00eame s\u2019il meurt, vivra.\u00bb<\/em><\/p>\n<h2><strong>Pr\u00e9parer les obs\u00e8ques<\/strong><\/h2>\n<p>L\u2019\u00c9glise catholique est t\u00e9moin de la vie, de la mort et de la r\u00e9surrection de J\u00e9sus, Fils de Dieu fait chair. Aussi prend-elle soin au travers des obs\u00e8ques religieuses de t\u00e9moigner combien la personne d\u00e9funte, plong\u00e9e par le bapt\u00eame dans le myst\u00e8re de la mort du Christ, est appel\u00e9e \u00e0 passer avec lui dans la vie en pl\u00e9nitude avec Dieu.<\/p>\n<h3><strong>Le rituel des fun\u00e9railles aide la famille, les amis et la communaut\u00e9 chr\u00e9tienne \u00e0 vivre ce passage de la mort \u00e0 la Vie.<\/strong><\/h3>\n<h4><strong>Rassembl\u00e9s avec ceux qui sont dans la peine (signe de notre solidarit\u00e9 humaine) et dans l\u2019\u00e9glise (signe de la pr\u00e9sence de Dieu avec nous), nous y accueillons\u00a0<\/strong><em><strong>la Parole d\u2019esp\u00e9rance<\/strong><\/em><strong>\u00a0des \u00c9critures Saintes. Paroles d\u2019esp\u00e9rance qui renouvellent et revigorent notre foi.<\/strong><\/h4>\n<h4><strong>Ensemble, nous prions Dieu pour\u00a0<\/strong><em><strong>implorer sa mis\u00e9ricorde<\/strong><\/em><strong>\u00e0 l\u2019\u00e9gard du d\u00e9funt et pour nous-m\u00eames. Nous lui demandons aussi force et courage pour tous nos fr\u00e8res et s\u0153urs qui sont dans le deuil. Ensemble, nous rendons gr\u00e2ce pour l\u2019amour que Dieu a manifest\u00e9 dans la vie du d\u00e9funt. La b\u00e9n\u00e9diction du cercueil avec l\u2019eau du bapt\u00eame<\/strong><strong>et son encensement viennent manifester, en dernier adieu, notre d\u00e9sir de le confier au Seigneur dans l\u2019esp\u00e9rance de nous revoir.<\/strong><\/h4>\n<p>Pour pr\u00e9parer la c\u00e9l\u00e9bration, vous serez amen\u00e9s \u00e0 rencontrer \u201cl\u2019\u00e9quipe deuil\u201d de la paroisse.<\/p>\n<p><em>source : site du dioc\u00e8se de Chartres.<\/em><\/p>\n","protected":false},"excerpt":{"rendered":"<p>Nos \u00e9quipes vous accompagnent dans l&#8217;\u00e9preuve.<\/p>\n","protected":false},"author":1,"featured_media":2067,"parent":0,"menu_order":0,"comment_status":"closed","ping_status":"closed","template":"","meta":{"ngg_post_thumbnail":0},"_links":{"self":[{"href":"https:\/\/paroissesaintlaumer.com\/index.php\/wp-json\/wp\/v2\/pages\/82"}],"collection":[{"href":"https:\/\/paroissesaintlaumer.com\/index.php\/wp-json\/wp\/v2\/pages"}],"about":[{"href":"https:\/\/paroissesaintlaumer.com\/index.php\/wp-json\/wp\/v2\/types\/page"}],"author":[{"embeddable":true,"href":"https:\/\/paroissesaintlaumer.com\/index.php\/wp-json\/wp\/v2\/users\/1"}],"replies":[{"embeddable":true,"href":"https:\/\/paroissesaintlaumer.com\/index.php\/wp-json\/wp\/v2\/comments?post=82"}],"version-history":[{"count":11,"href":"https:\/\/paroissesaintlaumer.com\/index.php\/wp-json\/wp\/v2\/pages\/82\/revisions"}],"predecessor-version":[{"id":4182,"href":"https:\/\/paroissesaintlaumer.com\/index.php\/wp-json\/wp\/v2\/pages\/82\/revisions\/4182"}],"wp:featuredmedia":[{"embeddable":true,"href":"https:\/\/paroissesaintlaumer.com\/index.php\/wp-json\/wp\/v2\/media\/2067"}],"wp:attachment":[{"href":"https:\/\/paroissesaintlaumer.com\/index.php\/wp-json\/wp\/v2\/media?parent=82"}],"curies":[{"name":"wp","href":"https:\/\/api.w.org\/{rel}","templated":true}]}}